{"id":816,"date":"2021-07-20T16:54:47","date_gmt":"2021-07-20T16:54:47","guid":{"rendered":"http:\/\/vmimedica.com\/raios-x-telecomandado\/"},"modified":"2021-08-20T18:24:04","modified_gmt":"2021-08-20T18:24:04","slug":"rayos-x-telecomandado","status":"publish","type":"page","link":"https:\/\/vmimedica.com\/es\/rayos-x-telecomandado\/","title":{"rendered":"Rayos X telecomandado"},"content":{"rendered":"\t\t<div data-elementor-type=\"wp-page\" data-elementor-id=\"816\" class=\"elementor elementor-816\" data-elementor-post-type=\"page\">\n\t\t\t\t\t\t<section class=\"elementor-section elementor-top-section elementor-element elementor-element-66a9d8e3 elementor-section-stretched elementor-section-full_width elementor-section-height-default elementor-section-height-default\" data-id=\"66a9d8e3\" data-element_type=\"section\" data-settings=\"{&quot;stretch_section&quot;:&quot;section-stretched&quot;,&quot;background_background&quot;:&quot;classic&quot;}\">\n\t\t\t\t\t\t<div class=\"elementor-container elementor-column-gap-default\">\n\t\t\t\t\t<div class=\"elementor-column elementor-col-100 elementor-top-column elementor-element elementor-element-6efce1fa\" data-id=\"6efce1fa\" data-element_type=\"column\">\n\t\t\t<div class=\"elementor-widget-wrap elementor-element-populated\">\n\t\t\t\t\t\t<section class=\"elementor-section elementor-inner-section elementor-element elementor-element-40b4d66f elementor-section-boxed elementor-section-height-default elementor-section-height-default\" data-id=\"40b4d66f\" data-element_type=\"section\">\n\t\t\t\t\t\t<div class=\"elementor-container elementor-column-gap-default\">\n\t\t\t\t\t<div class=\"elementor-column elementor-col-50 elementor-inner-column elementor-element elementor-element-3b937a0a\" data-id=\"3b937a0a\" data-element_type=\"column\">\n\t\t\t<div class=\"elementor-widget-wrap elementor-element-populated\">\n\t\t\t\t\t\t<div class=\"elementor-element elementor-element-67ffef22 elementor-widget elementor-widget-breadcrumbs\" data-id=\"67ffef22\" data-element_type=\"widget\" data-widget_type=\"breadcrumbs.default\">\n\t\t\t\t<div class=\"elementor-widget-container\">\n\t\t\t\t\t<p id=\"breadcrumbs\"><span><span><a href=\"https:\/\/vmimedica.com\/es\/\">Home<\/a><\/span><\/span><\/p>\t\t\t\t<\/div>\n\t\t\t\t<\/div>\n\t\t\t\t\t<\/div>\n\t\t<\/div>\n\t\t\t\t<div class=\"elementor-column elementor-col-50 elementor-inner-column elementor-element elementor-element-5776f755\" data-id=\"5776f755\" data-element_type=\"column\">\n\t\t\t<div class=\"elementor-widget-wrap\">\n\t\t\t\t\t\t\t<\/div>\n\t\t<\/div>\n\t\t\t\t\t<\/div>\n\t\t<\/section>\n\t\t\t\t\t<\/div>\n\t\t<\/div>\n\t\t\t\t\t<\/div>\n\t\t<\/section>\n\t\t\t\t<section class=\"elementor-section elementor-top-section elementor-element elementor-element-2588e731 elementor-section-boxed elementor-section-height-default elementor-section-height-default\" data-id=\"2588e731\" data-element_type=\"section\" data-settings=\"{&quot;background_background&quot;:&quot;classic&quot;}\">\n\t\t\t\t\t\t<div class=\"elementor-container elementor-column-gap-default\">\n\t\t\t\t\t<div class=\"elementor-column elementor-col-50 elementor-top-column elementor-element elementor-element-4d0965cc\" data-id=\"4d0965cc\" data-element_type=\"column\">\n\t\t\t<div class=\"elementor-widget-wrap elementor-element-populated\">\n\t\t\t\t\t\t<section class=\"elementor-section elementor-inner-section elementor-element elementor-element-52b63086 elementor-section-boxed elementor-section-height-default elementor-section-height-default\" data-id=\"52b63086\" data-element_type=\"section\">\n\t\t\t\t\t\t<div class=\"elementor-container elementor-column-gap-default\">\n\t\t\t\t\t<div class=\"elementor-column elementor-col-100 elementor-inner-column elementor-element elementor-element-f7003bf\" data-id=\"f7003bf\" data-element_type=\"column\">\n\t\t\t<div class=\"elementor-widget-wrap elementor-element-populated\">\n\t\t\t\t\t\t<div class=\"elementor-element elementor-element-56c505d2 elementor-widget elementor-widget-text-editor\" data-id=\"56c505d2\" data-element_type=\"widget\" data-widget_type=\"text-editor.default\">\n\t\t\t\t<div class=\"elementor-widget-container\">\n\t\t\t\t\t\t\t\t\t\u00c1REAS DE ATUACI\u00d3N\n\t\t\t\t\t\t\t\t<\/div>\n\t\t\t\t<\/div>\n\t\t\t\t<div class=\"elementor-element elementor-element-4cd0864d elementor-icon-list--layout-traditional elementor-list-item-link-full_width elementor-widget elementor-widget-icon-list\" data-id=\"4cd0864d\" data-element_type=\"widget\" data-widget_type=\"icon-list.default\">\n\t\t\t\t<div class=\"elementor-widget-container\">\n\t\t\t\t\t\t\t<ul class=\"elementor-icon-list-items\">\n\t\t\t\t\t\t\t<li class=\"elementor-icon-list-item\">\n\t\t\t\t\t\t\t\t\t\t\t<a href=\"https:\/\/vmimedica.com\/mamografos\/\">\n\n\t\t\t\t\t\t\t\t\t\t\t<span class=\"elementor-icon-list-text\">Mam\u00f3grafos<\/span>\n\t\t\t\t\t\t\t\t\t\t\t<\/a>\n\t\t\t\t\t\t\t\t\t<\/li>\n\t\t\t\t\t\t\t\t<li class=\"elementor-icon-list-item\">\n\t\t\t\t\t\t\t\t\t\t\t<a href=\"https:\/\/vmimedica.com\/raios-x-moveis\/\">\n\n\t\t\t\t\t\t\t\t\t\t\t<span class=\"elementor-icon-list-text\">Rayos X m\u00f3viles<\/span>\n\t\t\t\t\t\t\t\t\t\t\t<\/a>\n\t\t\t\t\t\t\t\t\t<\/li>\n\t\t\t\t\t\t\t\t<li class=\"elementor-icon-list-item\">\n\t\t\t\t\t\t\t\t\t\t\t<a href=\"https:\/\/vmimedica.com\/raios-x-fixos\/\">\n\n\t\t\t\t\t\t\t\t\t\t\t<span class=\"elementor-icon-list-text\">Rayos X fijos<\/span>\n\t\t\t\t\t\t\t\t\t\t\t<\/a>\n\t\t\t\t\t\t\t\t\t<\/li>\n\t\t\t\t\t\t\t\t<li class=\"elementor-icon-list-item\">\n\t\t\t\t\t\t\t\t\t\t\t<a href=\"https:\/\/vmimedica.com\/raios-x-telecomandado\/\">\n\n\t\t\t\t\t\t\t\t\t\t\t<span class=\"elementor-icon-list-text\">Raios-X Telecomandado<\/span>\n\t\t\t\t\t\t\t\t\t\t\t<\/a>\n\t\t\t\t\t\t\t\t\t<\/li>\n\t\t\t\t\t\t\t\t<li class=\"elementor-icon-list-item\">\n\t\t\t\t\t\t\t\t\t\t\t<a href=\"https:\/\/vmimedica.com\/arcos-cirurgicos\/\">\n\n\t\t\t\t\t\t\t\t\t\t\t<span class=\"elementor-icon-list-text\">Arcos quir\u00fargicos<\/span>\n\t\t\t\t\t\t\t\t\t\t\t<\/a>\n\t\t\t\t\t\t\t\t\t<\/li>\n\t\t\t\t\t\t<\/ul>\n\t\t\t\t\t\t<\/div>\n\t\t\t\t<\/div>\n\t\t\t\t\t<\/div>\n\t\t<\/div>\n\t\t\t\t\t<\/div>\n\t\t<\/section>\n\t\t\t\t\t<\/div>\n\t\t<\/div>\n\t\t\t\t<div class=\"elementor-column elementor-col-50 elementor-top-column elementor-element elementor-element-241d8e1e\" data-id=\"241d8e1e\" data-element_type=\"column\">\n\t\t\t<div class=\"elementor-widget-wrap elementor-element-populated\">\n\t\t\t\t\t\t<section class=\"elementor-section elementor-inner-section elementor-element elementor-element-6fb210c4 elementor-section-content-middle elementor-section-boxed elementor-section-height-default elementor-section-height-default\" data-id=\"6fb210c4\" data-element_type=\"section\">\n\t\t\t\t\t\t<div class=\"elementor-container elementor-column-gap-default\">\n\t\t\t\t\t<div class=\"elementor-column elementor-col-33 elementor-inner-column elementor-element elementor-element-336f1b48\" data-id=\"336f1b48\" data-element_type=\"column\">\n\t\t\t<div class=\"elementor-widget-wrap elementor-element-populated\">\n\t\t\t\t\t\t<div class=\"elementor-element elementor-element-2417d7e5 elementor-widget elementor-widget-text-editor\" data-id=\"2417d7e5\" data-element_type=\"widget\" data-widget_type=\"text-editor.default\">\n\t\t\t\t<div class=\"elementor-widget-container\">\n\t\t\t\t\t\t\t\t\t<h2 style=\"text-align: right;\">La mesa telecomandada VMI M\u00e9dica<\/h2>\t\t\t\t\t\t\t\t<\/div>\n\t\t\t\t<\/div>\n\t\t\t\t\t<\/div>\n\t\t<\/div>\n\t\t\t\t<div class=\"elementor-column elementor-col-33 elementor-inner-column elementor-element elementor-element-62e61faa\" data-id=\"62e61faa\" data-element_type=\"column\">\n\t\t\t<div class=\"elementor-widget-wrap elementor-element-populated\">\n\t\t\t\t\t\t<div class=\"elementor-element elementor-element-3af4f35 elementor-widget elementor-widget-image\" data-id=\"3af4f35\" data-element_type=\"widget\" data-widget_type=\"image.default\">\n\t\t\t\t<div class=\"elementor-widget-container\">\n\t\t\t\t\t\t\t\t\t\t\t\t\t\t\t<img decoding=\"async\" width=\"5\" height=\"221\" src=\"https:\/\/vmimedica.com\/wp-content\/uploads\/2021\/07\/separator-vmi-1.png\" class=\"attachment-large size-large wp-image-18\" alt=\"\" \/>\t\t\t\t\t\t\t\t\t\t\t\t\t\t\t<\/div>\n\t\t\t\t<\/div>\n\t\t\t\t\t<\/div>\n\t\t<\/div>\n\t\t\t\t<div class=\"elementor-column elementor-col-33 elementor-inner-column elementor-element elementor-element-2976413\" data-id=\"2976413\" data-element_type=\"column\">\n\t\t\t<div class=\"elementor-widget-wrap elementor-element-populated\">\n\t\t\t\t\t\t<div class=\"elementor-element elementor-element-28fe51fc elementor-widget elementor-widget-text-editor\" data-id=\"28fe51fc\" data-element_type=\"widget\" data-widget_type=\"text-editor.default\">\n\t\t\t\t<div class=\"elementor-widget-container\">\n\t\t\t\t\t\t\t\t\t<h4>Garantiza la mejor calidad de imagen disponible en el mercado. Equipado con alta tecnolog\u00eda y potencia para resultados precisos con alta productividad.<\/h4>\t\t\t\t\t\t\t\t<\/div>\n\t\t\t\t<\/div>\n\t\t\t\t\t<\/div>\n\t\t<\/div>\n\t\t\t\t\t<\/div>\n\t\t<\/section>\n\t\t\t\t<section class=\"elementor-section elementor-inner-section elementor-element elementor-element-53e40aaa elementor-section-boxed elementor-section-height-default elementor-section-height-default\" data-id=\"53e40aaa\" data-element_type=\"section\">\n\t\t\t\t\t\t<div class=\"elementor-container elementor-column-gap-default\">\n\t\t\t\t\t<div class=\"elementor-column elementor-col-100 elementor-inner-column elementor-element elementor-element-43a01ad\" data-id=\"43a01ad\" data-element_type=\"column\">\n\t\t\t<div class=\"elementor-widget-wrap\">\n\t\t\t\t\t\t\t<\/div>\n\t\t<\/div>\n\t\t\t\t\t<\/div>\n\t\t<\/section>\n\t\t\t\t\t<\/div>\n\t\t<\/div>\n\t\t\t\t\t<\/div>\n\t\t<\/section>\n\t\t\t\t<section class=\"elementor-section elementor-top-section elementor-element elementor-element-17757cf3 elementor-section-boxed elementor-section-height-default elementor-section-height-default\" data-id=\"17757cf3\" data-element_type=\"section\">\n\t\t\t\t\t\t<div class=\"elementor-container elementor-column-gap-default\">\n\t\t\t\t\t<div class=\"elementor-column elementor-col-100 elementor-top-column elementor-element elementor-element-7ae79387\" data-id=\"7ae79387\" data-element_type=\"column\">\n\t\t\t<div class=\"elementor-widget-wrap\">\n\t\t\t\t\t\t\t<\/div>\n\t\t<\/div>\n\t\t\t\t\t<\/div>\n\t\t<\/section>\n\t\t\t\t<\/div>\n\t\t","protected":false},"excerpt":{"rendered":"<p>\u00c1REAS DE ATUACI\u00d3N Mam\u00f3grafos Rayos X m\u00f3viles Rayos X fijos Raios-X Telecomandado Arcos quir\u00fargicos La mesa telecomandada VMI M\u00e9dica Garantiza la mejor calidad de imagen disponible en el mercado. Equipado con alta tecnolog\u00eda y potencia para resultados precisos con alta productividad. Telematic Ver Producto<\/p>\n","protected":false},"author":123461,"featured_media":0,"parent":0,"menu_order":0,"comment_status":"closed","ping_status":"closed","template":"","meta":{"_acf_changed":false,"footnotes":""},"class_list":["post-816","page","type-page","status-publish","hentry"],"acf":[],"yoast_head":"<!-- This site is optimized with the Yoast SEO plugin v26.3 - https:\/\/yoast.com\/wordpress\/plugins\/seo\/ -->\n<title>Rayos X telecomandado - VMI Medica<\/title>\n<meta name=\"robots\" content=\"index, follow, max-snippet:-1, max-image-preview:large, max-video-preview:-1\" \/>\n<link rel=\"canonical\" href=\"https:\/\/vmimedica.com\/es\/rayos-x-telecomandado\/\" \/>\n<meta property=\"og:locale\" content=\"es_ES\" \/>\n<meta property=\"og:type\" content=\"article\" \/>\n<meta property=\"og:title\" content=\"Rayos X telecomandado - VMI Medica\" \/>\n<meta property=\"og:description\" content=\"\u00c1REAS DE ATUACI\u00d3N Mam\u00f3grafos Rayos X m\u00f3viles Rayos X fijos Raios-X Telecomandado Arcos quir\u00fargicos La mesa telecomandada VMI M\u00e9dica Garantiza la mejor calidad de imagen disponible en el mercado. Equipado con alta tecnolog\u00eda y potencia para resultados precisos con alta productividad. Telematic Ver Producto\" \/>\n<meta property=\"og:url\" content=\"https:\/\/vmimedica.com\/es\/rayos-x-telecomandado\/\" \/>\n<meta property=\"og:site_name\" content=\"VMI Medica\" \/>\n<meta property=\"article:modified_time\" content=\"2021-08-20T18:24:04+00:00\" \/>\n<meta property=\"og:image\" content=\"http:\/\/vmimedica.com\/wp-content\/uploads\/2021\/07\/separator-vmi-1.png\" \/>\n<meta name=\"twitter:card\" content=\"summary_large_image\" \/>\n<meta name=\"twitter:label1\" content=\"Tiempo de lectura\" \/>\n\t<meta name=\"twitter:data1\" content=\"1 minuto\" \/>\n<script type=\"application\/ld+json\" class=\"yoast-schema-graph\">{\"@context\":\"https:\/\/schema.org\",\"@graph\":[{\"@type\":\"WebPage\",\"@id\":\"https:\/\/vmimedica.com\/es\/rayos-x-telecomandado\/\",\"url\":\"https:\/\/vmimedica.com\/es\/rayos-x-telecomandado\/\",\"name\":\"Rayos X telecomandado - VMI Medica\",\"isPartOf\":{\"@id\":\"https:\/\/vmimedica.com\/en\/#website\"},\"primaryImageOfPage\":{\"@id\":\"https:\/\/vmimedica.com\/es\/rayos-x-telecomandado\/#primaryimage\"},\"image\":{\"@id\":\"https:\/\/vmimedica.com\/es\/rayos-x-telecomandado\/#primaryimage\"},\"thumbnailUrl\":\"http:\/\/vmimedica.com\/wp-content\/uploads\/2021\/07\/separator-vmi-1.png\",\"datePublished\":\"2021-07-20T16:54:47+00:00\",\"dateModified\":\"2021-08-20T18:24:04+00:00\",\"breadcrumb\":{\"@id\":\"https:\/\/vmimedica.com\/es\/rayos-x-telecomandado\/#breadcrumb\"},\"inLanguage\":\"es\",\"potentialAction\":[{\"@type\":\"ReadAction\",\"target\":[\"https:\/\/vmimedica.com\/es\/rayos-x-telecomandado\/\"]}]},{\"@type\":\"ImageObject\",\"inLanguage\":\"es\",\"@id\":\"https:\/\/vmimedica.com\/es\/rayos-x-telecomandado\/#primaryimage\",\"url\":\"http:\/\/vmimedica.com\/wp-content\/uploads\/2021\/07\/separator-vmi-1.png\",\"contentUrl\":\"http:\/\/vmimedica.com\/wp-content\/uploads\/2021\/07\/separator-vmi-1.png\"},{\"@type\":\"BreadcrumbList\",\"@id\":\"https:\/\/vmimedica.com\/es\/rayos-x-telecomandado\/#breadcrumb\",\"itemListElement\":[{\"@type\":\"ListItem\",\"position\":1,\"name\":\"Home\",\"item\":\"https:\/\/vmimedica.com\/es\/\"},{\"@type\":\"ListItem\",\"position\":2,\"name\":\"Rayos X telecomandado\"}]},{\"@type\":\"WebSite\",\"@id\":\"https:\/\/vmimedica.com\/en\/#website\",\"url\":\"https:\/\/vmimedica.com\/en\/\",\"name\":\"VMI Medica\",\"description\":\"Equipamentos de Raio-x e Mamografia\",\"publisher\":{\"@id\":\"https:\/\/vmimedica.com\/en\/#organization\"},\"potentialAction\":[{\"@type\":\"SearchAction\",\"target\":{\"@type\":\"EntryPoint\",\"urlTemplate\":\"https:\/\/vmimedica.com\/en\/?s={search_term_string}\"},\"query-input\":{\"@type\":\"PropertyValueSpecification\",\"valueRequired\":true,\"valueName\":\"search_term_string\"}}],\"inLanguage\":\"es\"},{\"@type\":\"Organization\",\"@id\":\"https:\/\/vmimedica.com\/en\/#organization\",\"name\":\"VMI Medica\",\"url\":\"https:\/\/vmimedica.com\/en\/\",\"logo\":{\"@type\":\"ImageObject\",\"inLanguage\":\"es\",\"@id\":\"https:\/\/vmimedica.com\/en\/#\/schema\/logo\/image\/\",\"url\":\"https:\/\/vmimedica.com\/wp-content\/uploads\/2022\/12\/cropped-Logo-VMI.png\",\"contentUrl\":\"https:\/\/vmimedica.com\/wp-content\/uploads\/2022\/12\/cropped-Logo-VMI.png\",\"width\":324,\"height\":192,\"caption\":\"VMI Medica\"},\"image\":{\"@id\":\"https:\/\/vmimedica.com\/en\/#\/schema\/logo\/image\/\"}}]}<\/script>\n<!-- \/ Yoast SEO plugin. -->","yoast_head_json":{"title":"Rayos X telecomandado - VMI Medica","robots":{"index":"index","follow":"follow","max-snippet":"max-snippet:-1","max-image-preview":"max-image-preview:large","max-video-preview":"max-video-preview:-1"},"canonical":"https:\/\/vmimedica.com\/es\/rayos-x-telecomandado\/","og_locale":"es_ES","og_type":"article","og_title":"Rayos X telecomandado - VMI Medica","og_description":"\u00c1REAS DE ATUACI\u00d3N Mam\u00f3grafos Rayos X m\u00f3viles Rayos X fijos Raios-X Telecomandado Arcos quir\u00fargicos La mesa telecomandada VMI M\u00e9dica Garantiza la mejor calidad de imagen disponible en el mercado. Equipado con alta tecnolog\u00eda y potencia para resultados precisos con alta productividad. Telematic Ver Producto","og_url":"https:\/\/vmimedica.com\/es\/rayos-x-telecomandado\/","og_site_name":"VMI Medica","article_modified_time":"2021-08-20T18:24:04+00:00","og_image":[{"url":"http:\/\/vmimedica.com\/wp-content\/uploads\/2021\/07\/separator-vmi-1.png","type":"","width":"","height":""}],"twitter_card":"summary_large_image","twitter_misc":{"Tiempo de lectura":"1 minuto"},"schema":{"@context":"https:\/\/schema.org","@graph":[{"@type":"WebPage","@id":"https:\/\/vmimedica.com\/es\/rayos-x-telecomandado\/","url":"https:\/\/vmimedica.com\/es\/rayos-x-telecomandado\/","name":"Rayos X telecomandado - VMI Medica","isPartOf":{"@id":"https:\/\/vmimedica.com\/en\/#website"},"primaryImageOfPage":{"@id":"https:\/\/vmimedica.com\/es\/rayos-x-telecomandado\/#primaryimage"},"image":{"@id":"https:\/\/vmimedica.com\/es\/rayos-x-telecomandado\/#primaryimage"},"thumbnailUrl":"http:\/\/vmimedica.com\/wp-content\/uploads\/2021\/07\/separator-vmi-1.png","datePublished":"2021-07-20T16:54:47+00:00","dateModified":"2021-08-20T18:24:04+00:00","breadcrumb":{"@id":"https:\/\/vmimedica.com\/es\/rayos-x-telecomandado\/#breadcrumb"},"inLanguage":"es","potentialAction":[{"@type":"ReadAction","target":["https:\/\/vmimedica.com\/es\/rayos-x-telecomandado\/"]}]},{"@type":"ImageObject","inLanguage":"es","@id":"https:\/\/vmimedica.com\/es\/rayos-x-telecomandado\/#primaryimage","url":"http:\/\/vmimedica.com\/wp-content\/uploads\/2021\/07\/separator-vmi-1.png","contentUrl":"http:\/\/vmimedica.com\/wp-content\/uploads\/2021\/07\/separator-vmi-1.png"},{"@type":"BreadcrumbList","@id":"https:\/\/vmimedica.com\/es\/rayos-x-telecomandado\/#breadcrumb","itemListElement":[{"@type":"ListItem","position":1,"name":"Home","item":"https:\/\/vmimedica.com\/es\/"},{"@type":"ListItem","position":2,"name":"Rayos X telecomandado"}]},{"@type":"WebSite","@id":"https:\/\/vmimedica.com\/en\/#website","url":"https:\/\/vmimedica.com\/en\/","name":"VMI Medica","description":"Equipamentos de Raio-x e Mamografia","publisher":{"@id":"https:\/\/vmimedica.com\/en\/#organization"},"potentialAction":[{"@type":"SearchAction","target":{"@type":"EntryPoint","urlTemplate":"https:\/\/vmimedica.com\/en\/?s={search_term_string}"},"query-input":{"@type":"PropertyValueSpecification","valueRequired":true,"valueName":"search_term_string"}}],"inLanguage":"es"},{"@type":"Organization","@id":"https:\/\/vmimedica.com\/en\/#organization","name":"VMI Medica","url":"https:\/\/vmimedica.com\/en\/","logo":{"@type":"ImageObject","inLanguage":"es","@id":"https:\/\/vmimedica.com\/en\/#\/schema\/logo\/image\/","url":"https:\/\/vmimedica.com\/wp-content\/uploads\/2022\/12\/cropped-Logo-VMI.png","contentUrl":"https:\/\/vmimedica.com\/wp-content\/uploads\/2022\/12\/cropped-Logo-VMI.png","width":324,"height":192,"caption":"VMI Medica"},"image":{"@id":"https:\/\/vmimedica.com\/en\/#\/schema\/logo\/image\/"}}]}},"_links":{"self":[{"href":"https:\/\/vmimedica.com\/es\/wp-json\/wp\/v2\/pages\/816","targetHints":{"allow":["GET"]}}],"collection":[{"href":"https:\/\/vmimedica.com\/es\/wp-json\/wp\/v2\/pages"}],"about":[{"href":"https:\/\/vmimedica.com\/es\/wp-json\/wp\/v2\/types\/page"}],"author":[{"embeddable":true,"href":"https:\/\/vmimedica.com\/es\/wp-json\/wp\/v2\/users\/123461"}],"replies":[{"embeddable":true,"href":"https:\/\/vmimedica.com\/es\/wp-json\/wp\/v2\/comments?post=816"}],"version-history":[{"count":8,"href":"https:\/\/vmimedica.com\/es\/wp-json\/wp\/v2\/pages\/816\/revisions"}],"predecessor-version":[{"id":1843,"href":"https:\/\/vmimedica.com\/es\/wp-json\/wp\/v2\/pages\/816\/revisions\/1843"}],"wp:attachment":[{"href":"https:\/\/vmimedica.com\/es\/wp-json\/wp\/v2\/media?parent=816"}],"curies":[{"name":"wp","href":"https:\/\/api.w.org\/{rel}","templated":true}]}}