{"id":815,"date":"2021-07-20T16:51:10","date_gmt":"2021-07-20T16:51:10","guid":{"rendered":"http:\/\/vmimedica.com\/raios-x-moveis\/"},"modified":"2021-08-10T01:02:20","modified_gmt":"2021-08-10T01:02:20","slug":"rayos-x-moviles","status":"publish","type":"page","link":"https:\/\/vmimedica.com\/es\/rayos-x-moviles\/","title":{"rendered":"Rayos X m\u00f3viles"},"content":{"rendered":"\t\t<div data-elementor-type=\"wp-page\" data-elementor-id=\"815\" class=\"elementor elementor-815\" data-elementor-post-type=\"page\">\n\t\t\t\t\t\t<section class=\"elementor-section elementor-top-section elementor-element elementor-element-e6fe3ee elementor-section-stretched elementor-section-full_width elementor-section-height-default elementor-section-height-default\" data-id=\"e6fe3ee\" data-element_type=\"section\" data-settings=\"{&quot;stretch_section&quot;:&quot;section-stretched&quot;,&quot;background_background&quot;:&quot;classic&quot;}\">\n\t\t\t\t\t\t<div class=\"elementor-container elementor-column-gap-default\">\n\t\t\t\t\t<div class=\"elementor-column elementor-col-100 elementor-top-column elementor-element elementor-element-18e50799\" data-id=\"18e50799\" data-element_type=\"column\">\n\t\t\t<div class=\"elementor-widget-wrap elementor-element-populated\">\n\t\t\t\t\t\t<section class=\"elementor-section elementor-inner-section elementor-element elementor-element-4360a72f elementor-section-boxed elementor-section-height-default elementor-section-height-default\" data-id=\"4360a72f\" data-element_type=\"section\">\n\t\t\t\t\t\t<div class=\"elementor-container elementor-column-gap-default\">\n\t\t\t\t\t<div class=\"elementor-column elementor-col-50 elementor-inner-column elementor-element elementor-element-1760622f\" data-id=\"1760622f\" data-element_type=\"column\">\n\t\t\t<div class=\"elementor-widget-wrap elementor-element-populated\">\n\t\t\t\t\t\t<div class=\"elementor-element elementor-element-55279460 elementor-widget elementor-widget-breadcrumbs\" data-id=\"55279460\" data-element_type=\"widget\" data-widget_type=\"breadcrumbs.default\">\n\t\t\t\t<div class=\"elementor-widget-container\">\n\t\t\t\t\t<p id=\"breadcrumbs\"><span><span><a href=\"https:\/\/vmimedica.com\/es\/\">Home<\/a><\/span><\/span><\/p>\t\t\t\t<\/div>\n\t\t\t\t<\/div>\n\t\t\t\t\t<\/div>\n\t\t<\/div>\n\t\t\t\t<div class=\"elementor-column elementor-col-50 elementor-inner-column elementor-element elementor-element-48ac4afa\" data-id=\"48ac4afa\" data-element_type=\"column\">\n\t\t\t<div class=\"elementor-widget-wrap\">\n\t\t\t\t\t\t\t<\/div>\n\t\t<\/div>\n\t\t\t\t\t<\/div>\n\t\t<\/section>\n\t\t\t\t\t<\/div>\n\t\t<\/div>\n\t\t\t\t\t<\/div>\n\t\t<\/section>\n\t\t\t\t<section class=\"elementor-section elementor-top-section elementor-element elementor-element-7f3615bd elementor-section-boxed elementor-section-height-default elementor-section-height-default\" data-id=\"7f3615bd\" data-element_type=\"section\" data-settings=\"{&quot;background_background&quot;:&quot;classic&quot;}\">\n\t\t\t\t\t\t<div class=\"elementor-container elementor-column-gap-default\">\n\t\t\t\t\t<div class=\"elementor-column elementor-col-50 elementor-top-column elementor-element elementor-element-4aa21d88\" data-id=\"4aa21d88\" data-element_type=\"column\">\n\t\t\t<div class=\"elementor-widget-wrap elementor-element-populated\">\n\t\t\t\t\t\t<section class=\"elementor-section elementor-inner-section elementor-element elementor-element-33fe50d4 elementor-section-boxed elementor-section-height-default elementor-section-height-default\" data-id=\"33fe50d4\" data-element_type=\"section\">\n\t\t\t\t\t\t<div class=\"elementor-container elementor-column-gap-default\">\n\t\t\t\t\t<div class=\"elementor-column elementor-col-100 elementor-inner-column elementor-element elementor-element-798c492d\" data-id=\"798c492d\" data-element_type=\"column\">\n\t\t\t<div class=\"elementor-widget-wrap elementor-element-populated\">\n\t\t\t\t\t\t<div class=\"elementor-element elementor-element-6e7014bc elementor-widget elementor-widget-text-editor\" data-id=\"6e7014bc\" data-element_type=\"widget\" data-widget_type=\"text-editor.default\">\n\t\t\t\t<div class=\"elementor-widget-container\">\n\t\t\t\t\t\t\t\t\t\u00c1REAS DE ATUACI\u00d3N\t\t\t\t\t\t\t\t<\/div>\n\t\t\t\t<\/div>\n\t\t\t\t<div class=\"elementor-element elementor-element-6f51b3ec elementor-icon-list--layout-traditional elementor-list-item-link-full_width elementor-widget elementor-widget-icon-list\" data-id=\"6f51b3ec\" data-element_type=\"widget\" data-widget_type=\"icon-list.default\">\n\t\t\t\t<div class=\"elementor-widget-container\">\n\t\t\t\t\t\t\t<ul class=\"elementor-icon-list-items\">\n\t\t\t\t\t\t\t<li class=\"elementor-icon-list-item\">\n\t\t\t\t\t\t\t\t\t\t\t<a href=\"https:\/\/vmimedica.com\/mamografos\/\">\n\n\t\t\t\t\t\t\t\t\t\t\t<span class=\"elementor-icon-list-text\">Mam\u00f3grafos<\/span>\n\t\t\t\t\t\t\t\t\t\t\t<\/a>\n\t\t\t\t\t\t\t\t\t<\/li>\n\t\t\t\t\t\t\t\t<li class=\"elementor-icon-list-item\">\n\t\t\t\t\t\t\t\t\t\t\t<a href=\"https:\/\/vmimedica.com\/raios-x-moveis\/\">\n\n\t\t\t\t\t\t\t\t\t\t\t<span class=\"elementor-icon-list-text\">Rayos X m\u00f3viles<\/span>\n\t\t\t\t\t\t\t\t\t\t\t<\/a>\n\t\t\t\t\t\t\t\t\t<\/li>\n\t\t\t\t\t\t\t\t<li class=\"elementor-icon-list-item\">\n\t\t\t\t\t\t\t\t\t\t\t<a href=\"https:\/\/vmimedica.com\/raios-x-fixos\/\">\n\n\t\t\t\t\t\t\t\t\t\t\t<span class=\"elementor-icon-list-text\">Rayos X fijos<\/span>\n\t\t\t\t\t\t\t\t\t\t\t<\/a>\n\t\t\t\t\t\t\t\t\t<\/li>\n\t\t\t\t\t\t\t\t<li class=\"elementor-icon-list-item\">\n\t\t\t\t\t\t\t\t\t\t\t<a href=\"https:\/\/vmimedica.com\/raios-x-telecomandado\/\">\n\n\t\t\t\t\t\t\t\t\t\t\t<span class=\"elementor-icon-list-text\">Rayos X telecomandado<\/span>\n\t\t\t\t\t\t\t\t\t\t\t<\/a>\n\t\t\t\t\t\t\t\t\t<\/li>\n\t\t\t\t\t\t\t\t<li class=\"elementor-icon-list-item\">\n\t\t\t\t\t\t\t\t\t\t\t<a href=\"https:\/\/vmimedica.com\/arcos-cirurgicos\/\">\n\n\t\t\t\t\t\t\t\t\t\t\t<span class=\"elementor-icon-list-text\">Arcos quir\u00fargicos<\/span>\n\t\t\t\t\t\t\t\t\t\t\t<\/a>\n\t\t\t\t\t\t\t\t\t<\/li>\n\t\t\t\t\t\t<\/ul>\n\t\t\t\t\t\t<\/div>\n\t\t\t\t<\/div>\n\t\t\t\t\t<\/div>\n\t\t<\/div>\n\t\t\t\t\t<\/div>\n\t\t<\/section>\n\t\t\t\t\t<\/div>\n\t\t<\/div>\n\t\t\t\t<div class=\"elementor-column elementor-col-50 elementor-top-column elementor-element elementor-element-2f067f0b\" data-id=\"2f067f0b\" data-element_type=\"column\">\n\t\t\t<div class=\"elementor-widget-wrap elementor-element-populated\">\n\t\t\t\t\t\t<section class=\"elementor-section elementor-inner-section elementor-element elementor-element-59285adf elementor-section-content-middle elementor-section-boxed elementor-section-height-default elementor-section-height-default\" data-id=\"59285adf\" data-element_type=\"section\">\n\t\t\t\t\t\t<div class=\"elementor-container elementor-column-gap-default\">\n\t\t\t\t\t<div class=\"elementor-column elementor-col-33 elementor-inner-column elementor-element elementor-element-74cb55ff\" data-id=\"74cb55ff\" data-element_type=\"column\">\n\t\t\t<div class=\"elementor-widget-wrap elementor-element-populated\">\n\t\t\t\t\t\t<div class=\"elementor-element elementor-element-44690008 elementor-widget elementor-widget-text-editor\" data-id=\"44690008\" data-element_type=\"widget\" data-widget_type=\"text-editor.default\">\n\t\t\t\t<div class=\"elementor-widget-container\">\n\t\t\t\t\t\t\t\t\t<h2 style=\"text-align: right;\">Los rayos X m\u00f3viles de la l\u00ednea Aquila son ligeros y f\u00e1ciles de mover<\/h2>\t\t\t\t\t\t\t\t<\/div>\n\t\t\t\t<\/div>\n\t\t\t\t\t<\/div>\n\t\t<\/div>\n\t\t\t\t<div class=\"elementor-column elementor-col-33 elementor-inner-column elementor-element elementor-element-4b6d939c\" data-id=\"4b6d939c\" data-element_type=\"column\">\n\t\t\t<div class=\"elementor-widget-wrap elementor-element-populated\">\n\t\t\t\t\t\t<div class=\"elementor-element elementor-element-29c0ef4a elementor-widget elementor-widget-image\" data-id=\"29c0ef4a\" data-element_type=\"widget\" data-widget_type=\"image.default\">\n\t\t\t\t<div class=\"elementor-widget-container\">\n\t\t\t\t\t\t\t\t\t\t\t\t\t\t\t<img decoding=\"async\" width=\"5\" height=\"221\" src=\"https:\/\/vmimedica.com\/wp-content\/uploads\/2021\/07\/separator-vmi-1.png\" class=\"attachment-large size-large wp-image-18\" alt=\"\" \/>\t\t\t\t\t\t\t\t\t\t\t\t\t\t\t<\/div>\n\t\t\t\t<\/div>\n\t\t\t\t\t<\/div>\n\t\t<\/div>\n\t\t\t\t<div class=\"elementor-column elementor-col-33 elementor-inner-column elementor-element elementor-element-713ae64f\" data-id=\"713ae64f\" data-element_type=\"column\">\n\t\t\t<div class=\"elementor-widget-wrap elementor-element-populated\">\n\t\t\t\t\t\t<div class=\"elementor-element elementor-element-6c960fe0 elementor-widget elementor-widget-text-editor\" data-id=\"6c960fe0\" data-element_type=\"widget\" data-widget_type=\"text-editor.default\">\n\t\t\t\t<div class=\"elementor-widget-container\">\n\t\t\t\t\t\t\t\t\t<h4>Alimentados por toma simple de tres patas, con alta potencia y excelente calidad de imagen. Estas caracter\u00edsticas hacen de Aquila el equipo m\u00e1s moderno y adecuado para realizar ex\u00e1menes radiol\u00f3gicos en cualquier entorno hospitalario.<\/h4>\t\t\t\t\t\t\t\t<\/div>\n\t\t\t\t<\/div>\n\t\t\t\t\t<\/div>\n\t\t<\/div>\n\t\t\t\t\t<\/div>\n\t\t<\/section>\n\t\t\t\t<section class=\"elementor-section elementor-inner-section elementor-element elementor-element-37be71b3 elementor-section-boxed elementor-section-height-default elementor-section-height-default\" data-id=\"37be71b3\" data-element_type=\"section\">\n\t\t\t\t\t\t<div class=\"elementor-container elementor-column-gap-default\">\n\t\t\t\t\t<div class=\"elementor-column elementor-col-100 elementor-inner-column elementor-element elementor-element-2b27a193\" data-id=\"2b27a193\" data-element_type=\"column\">\n\t\t\t<div class=\"elementor-widget-wrap\">\n\t\t\t\t\t\t\t<\/div>\n\t\t<\/div>\n\t\t\t\t\t<\/div>\n\t\t<\/section>\n\t\t\t\t\t<\/div>\n\t\t<\/div>\n\t\t\t\t\t<\/div>\n\t\t<\/section>\n\t\t\t\t<section class=\"elementor-section elementor-top-section elementor-element elementor-element-7304e1b3 elementor-section-boxed elementor-section-height-default elementor-section-height-default\" data-id=\"7304e1b3\" data-element_type=\"section\">\n\t\t\t\t\t\t<div class=\"elementor-container elementor-column-gap-default\">\n\t\t\t\t\t<div class=\"elementor-column elementor-col-100 elementor-top-column elementor-element elementor-element-1cfb99c2\" data-id=\"1cfb99c2\" data-element_type=\"column\">\n\t\t\t<div class=\"elementor-widget-wrap\">\n\t\t\t\t\t\t\t<\/div>\n\t\t<\/div>\n\t\t\t\t\t<\/div>\n\t\t<\/section>\n\t\t\t\t<\/div>\n\t\t","protected":false},"excerpt":{"rendered":"<p>\u00c1REAS DE ATUACI\u00d3N Mam\u00f3grafos Rayos X m\u00f3viles Rayos X fijos Rayos X telecomandado Arcos quir\u00fargicos Los rayos X m\u00f3viles de la l\u00ednea Aquila son ligeros y f\u00e1ciles de mover Alimentados por toma simple de tres patas, con alta potencia y excelente calidad de imagen. Estas caracter\u00edsticas hacen de Aquila el equipo m\u00e1s moderno y adecuado [&hellip;]<\/p>\n","protected":false},"author":123461,"featured_media":0,"parent":0,"menu_order":0,"comment_status":"closed","ping_status":"closed","template":"","meta":{"_acf_changed":false,"footnotes":""},"class_list":["post-815","page","type-page","status-publish","hentry"],"acf":[],"yoast_head":"<!-- This site is optimized with the Yoast SEO plugin v26.3 - https:\/\/yoast.com\/wordpress\/plugins\/seo\/ -->\n<title>Rayos X m\u00f3viles - VMI Medica<\/title>\n<meta name=\"robots\" content=\"index, follow, max-snippet:-1, max-image-preview:large, max-video-preview:-1\" \/>\n<link rel=\"canonical\" href=\"https:\/\/vmimedica.com\/es\/rayos-x-moviles\/\" \/>\n<meta property=\"og:locale\" content=\"es_ES\" \/>\n<meta property=\"og:type\" content=\"article\" \/>\n<meta property=\"og:title\" content=\"Rayos X m\u00f3viles - VMI Medica\" \/>\n<meta property=\"og:description\" content=\"\u00c1REAS DE ATUACI\u00d3N Mam\u00f3grafos Rayos X m\u00f3viles Rayos X fijos Rayos X telecomandado Arcos quir\u00fargicos Los rayos X m\u00f3viles de la l\u00ednea Aquila son ligeros y f\u00e1ciles de mover Alimentados por toma simple de tres patas, con alta potencia y excelente calidad de imagen. Estas caracter\u00edsticas hacen de Aquila el equipo m\u00e1s moderno y adecuado [&hellip;]\" \/>\n<meta property=\"og:url\" content=\"https:\/\/vmimedica.com\/es\/rayos-x-moviles\/\" \/>\n<meta property=\"og:site_name\" content=\"VMI Medica\" \/>\n<meta property=\"article:modified_time\" content=\"2021-08-10T01:02:20+00:00\" \/>\n<meta property=\"og:image\" content=\"http:\/\/vmimedica.com\/wp-content\/uploads\/2021\/07\/separator-vmi-1.png\" \/>\n<meta name=\"twitter:card\" content=\"summary_large_image\" \/>\n<meta name=\"twitter:label1\" content=\"Tiempo de lectura\" \/>\n\t<meta name=\"twitter:data1\" content=\"1 minuto\" \/>\n<script type=\"application\/ld+json\" class=\"yoast-schema-graph\">{\"@context\":\"https:\/\/schema.org\",\"@graph\":[{\"@type\":\"WebPage\",\"@id\":\"https:\/\/vmimedica.com\/es\/rayos-x-moviles\/\",\"url\":\"https:\/\/vmimedica.com\/es\/rayos-x-moviles\/\",\"name\":\"Rayos X m\u00f3viles - VMI Medica\",\"isPartOf\":{\"@id\":\"https:\/\/vmimedica.com\/en\/#website\"},\"primaryImageOfPage\":{\"@id\":\"https:\/\/vmimedica.com\/es\/rayos-x-moviles\/#primaryimage\"},\"image\":{\"@id\":\"https:\/\/vmimedica.com\/es\/rayos-x-moviles\/#primaryimage\"},\"thumbnailUrl\":\"http:\/\/vmimedica.com\/wp-content\/uploads\/2021\/07\/separator-vmi-1.png\",\"datePublished\":\"2021-07-20T16:51:10+00:00\",\"dateModified\":\"2021-08-10T01:02:20+00:00\",\"breadcrumb\":{\"@id\":\"https:\/\/vmimedica.com\/es\/rayos-x-moviles\/#breadcrumb\"},\"inLanguage\":\"es\",\"potentialAction\":[{\"@type\":\"ReadAction\",\"target\":[\"https:\/\/vmimedica.com\/es\/rayos-x-moviles\/\"]}]},{\"@type\":\"ImageObject\",\"inLanguage\":\"es\",\"@id\":\"https:\/\/vmimedica.com\/es\/rayos-x-moviles\/#primaryimage\",\"url\":\"http:\/\/vmimedica.com\/wp-content\/uploads\/2021\/07\/separator-vmi-1.png\",\"contentUrl\":\"http:\/\/vmimedica.com\/wp-content\/uploads\/2021\/07\/separator-vmi-1.png\"},{\"@type\":\"BreadcrumbList\",\"@id\":\"https:\/\/vmimedica.com\/es\/rayos-x-moviles\/#breadcrumb\",\"itemListElement\":[{\"@type\":\"ListItem\",\"position\":1,\"name\":\"Home\",\"item\":\"https:\/\/vmimedica.com\/es\/\"},{\"@type\":\"ListItem\",\"position\":2,\"name\":\"Rayos X m\u00f3viles\"}]},{\"@type\":\"WebSite\",\"@id\":\"https:\/\/vmimedica.com\/en\/#website\",\"url\":\"https:\/\/vmimedica.com\/en\/\",\"name\":\"VMI Medica\",\"description\":\"Equipamentos de Raio-x e Mamografia\",\"publisher\":{\"@id\":\"https:\/\/vmimedica.com\/en\/#organization\"},\"potentialAction\":[{\"@type\":\"SearchAction\",\"target\":{\"@type\":\"EntryPoint\",\"urlTemplate\":\"https:\/\/vmimedica.com\/en\/?s={search_term_string}\"},\"query-input\":{\"@type\":\"PropertyValueSpecification\",\"valueRequired\":true,\"valueName\":\"search_term_string\"}}],\"inLanguage\":\"es\"},{\"@type\":\"Organization\",\"@id\":\"https:\/\/vmimedica.com\/en\/#organization\",\"name\":\"VMI Medica\",\"url\":\"https:\/\/vmimedica.com\/en\/\",\"logo\":{\"@type\":\"ImageObject\",\"inLanguage\":\"es\",\"@id\":\"https:\/\/vmimedica.com\/en\/#\/schema\/logo\/image\/\",\"url\":\"https:\/\/vmimedica.com\/wp-content\/uploads\/2022\/12\/cropped-Logo-VMI.png\",\"contentUrl\":\"https:\/\/vmimedica.com\/wp-content\/uploads\/2022\/12\/cropped-Logo-VMI.png\",\"width\":324,\"height\":192,\"caption\":\"VMI Medica\"},\"image\":{\"@id\":\"https:\/\/vmimedica.com\/en\/#\/schema\/logo\/image\/\"}}]}<\/script>\n<!-- \/ Yoast SEO plugin. -->","yoast_head_json":{"title":"Rayos X m\u00f3viles - VMI Medica","robots":{"index":"index","follow":"follow","max-snippet":"max-snippet:-1","max-image-preview":"max-image-preview:large","max-video-preview":"max-video-preview:-1"},"canonical":"https:\/\/vmimedica.com\/es\/rayos-x-moviles\/","og_locale":"es_ES","og_type":"article","og_title":"Rayos X m\u00f3viles - VMI Medica","og_description":"\u00c1REAS DE ATUACI\u00d3N Mam\u00f3grafos Rayos X m\u00f3viles Rayos X fijos Rayos X telecomandado Arcos quir\u00fargicos Los rayos X m\u00f3viles de la l\u00ednea Aquila son ligeros y f\u00e1ciles de mover Alimentados por toma simple de tres patas, con alta potencia y excelente calidad de imagen. Estas caracter\u00edsticas hacen de Aquila el equipo m\u00e1s moderno y adecuado [&hellip;]","og_url":"https:\/\/vmimedica.com\/es\/rayos-x-moviles\/","og_site_name":"VMI Medica","article_modified_time":"2021-08-10T01:02:20+00:00","og_image":[{"url":"http:\/\/vmimedica.com\/wp-content\/uploads\/2021\/07\/separator-vmi-1.png","type":"","width":"","height":""}],"twitter_card":"summary_large_image","twitter_misc":{"Tiempo de lectura":"1 minuto"},"schema":{"@context":"https:\/\/schema.org","@graph":[{"@type":"WebPage","@id":"https:\/\/vmimedica.com\/es\/rayos-x-moviles\/","url":"https:\/\/vmimedica.com\/es\/rayos-x-moviles\/","name":"Rayos X m\u00f3viles - VMI Medica","isPartOf":{"@id":"https:\/\/vmimedica.com\/en\/#website"},"primaryImageOfPage":{"@id":"https:\/\/vmimedica.com\/es\/rayos-x-moviles\/#primaryimage"},"image":{"@id":"https:\/\/vmimedica.com\/es\/rayos-x-moviles\/#primaryimage"},"thumbnailUrl":"http:\/\/vmimedica.com\/wp-content\/uploads\/2021\/07\/separator-vmi-1.png","datePublished":"2021-07-20T16:51:10+00:00","dateModified":"2021-08-10T01:02:20+00:00","breadcrumb":{"@id":"https:\/\/vmimedica.com\/es\/rayos-x-moviles\/#breadcrumb"},"inLanguage":"es","potentialAction":[{"@type":"ReadAction","target":["https:\/\/vmimedica.com\/es\/rayos-x-moviles\/"]}]},{"@type":"ImageObject","inLanguage":"es","@id":"https:\/\/vmimedica.com\/es\/rayos-x-moviles\/#primaryimage","url":"http:\/\/vmimedica.com\/wp-content\/uploads\/2021\/07\/separator-vmi-1.png","contentUrl":"http:\/\/vmimedica.com\/wp-content\/uploads\/2021\/07\/separator-vmi-1.png"},{"@type":"BreadcrumbList","@id":"https:\/\/vmimedica.com\/es\/rayos-x-moviles\/#breadcrumb","itemListElement":[{"@type":"ListItem","position":1,"name":"Home","item":"https:\/\/vmimedica.com\/es\/"},{"@type":"ListItem","position":2,"name":"Rayos X m\u00f3viles"}]},{"@type":"WebSite","@id":"https:\/\/vmimedica.com\/en\/#website","url":"https:\/\/vmimedica.com\/en\/","name":"VMI Medica","description":"Equipamentos de Raio-x e Mamografia","publisher":{"@id":"https:\/\/vmimedica.com\/en\/#organization"},"potentialAction":[{"@type":"SearchAction","target":{"@type":"EntryPoint","urlTemplate":"https:\/\/vmimedica.com\/en\/?s={search_term_string}"},"query-input":{"@type":"PropertyValueSpecification","valueRequired":true,"valueName":"search_term_string"}}],"inLanguage":"es"},{"@type":"Organization","@id":"https:\/\/vmimedica.com\/en\/#organization","name":"VMI Medica","url":"https:\/\/vmimedica.com\/en\/","logo":{"@type":"ImageObject","inLanguage":"es","@id":"https:\/\/vmimedica.com\/en\/#\/schema\/logo\/image\/","url":"https:\/\/vmimedica.com\/wp-content\/uploads\/2022\/12\/cropped-Logo-VMI.png","contentUrl":"https:\/\/vmimedica.com\/wp-content\/uploads\/2022\/12\/cropped-Logo-VMI.png","width":324,"height":192,"caption":"VMI Medica"},"image":{"@id":"https:\/\/vmimedica.com\/en\/#\/schema\/logo\/image\/"}}]}},"_links":{"self":[{"href":"https:\/\/vmimedica.com\/es\/wp-json\/wp\/v2\/pages\/815","targetHints":{"allow":["GET"]}}],"collection":[{"href":"https:\/\/vmimedica.com\/es\/wp-json\/wp\/v2\/pages"}],"about":[{"href":"https:\/\/vmimedica.com\/es\/wp-json\/wp\/v2\/types\/page"}],"author":[{"embeddable":true,"href":"https:\/\/vmimedica.com\/es\/wp-json\/wp\/v2\/users\/123461"}],"replies":[{"embeddable":true,"href":"https:\/\/vmimedica.com\/es\/wp-json\/wp\/v2\/comments?post=815"}],"version-history":[{"count":14,"href":"https:\/\/vmimedica.com\/es\/wp-json\/wp\/v2\/pages\/815\/revisions"}],"predecessor-version":[{"id":1469,"href":"https:\/\/vmimedica.com\/es\/wp-json\/wp\/v2\/pages\/815\/revisions\/1469"}],"wp:attachment":[{"href":"https:\/\/vmimedica.com\/es\/wp-json\/wp\/v2\/media?parent=815"}],"curies":[{"name":"wp","href":"https:\/\/api.w.org\/{rel}","templated":true}]}}