{"id":814,"date":"2021-07-20T16:54:24","date_gmt":"2021-07-20T16:54:24","guid":{"rendered":"http:\/\/vmimedica.com\/raios-x-fixos\/"},"modified":"2021-08-10T01:02:35","modified_gmt":"2021-08-10T01:02:35","slug":"rayos-x-fijos","status":"publish","type":"page","link":"https:\/\/vmimedica.com\/es\/rayos-x-fijos\/","title":{"rendered":"Rayos X fijos"},"content":{"rendered":"\t\t<div data-elementor-type=\"wp-page\" data-elementor-id=\"814\" class=\"elementor elementor-814\" data-elementor-post-type=\"page\">\n\t\t\t\t\t\t<section class=\"elementor-section elementor-top-section elementor-element elementor-element-71e5a27e elementor-section-stretched elementor-section-full_width elementor-section-height-default elementor-section-height-default\" data-id=\"71e5a27e\" data-element_type=\"section\" data-settings=\"{&quot;stretch_section&quot;:&quot;section-stretched&quot;,&quot;background_background&quot;:&quot;classic&quot;}\">\n\t\t\t\t\t\t<div class=\"elementor-container elementor-column-gap-default\">\n\t\t\t\t\t<div class=\"elementor-column elementor-col-100 elementor-top-column elementor-element elementor-element-58d69a8a\" data-id=\"58d69a8a\" data-element_type=\"column\">\n\t\t\t<div class=\"elementor-widget-wrap elementor-element-populated\">\n\t\t\t\t\t\t<section class=\"elementor-section elementor-inner-section elementor-element elementor-element-28b42bc7 elementor-section-boxed elementor-section-height-default elementor-section-height-default\" data-id=\"28b42bc7\" data-element_type=\"section\">\n\t\t\t\t\t\t<div class=\"elementor-container elementor-column-gap-default\">\n\t\t\t\t\t<div class=\"elementor-column elementor-col-50 elementor-inner-column elementor-element elementor-element-4d262017\" data-id=\"4d262017\" data-element_type=\"column\">\n\t\t\t<div class=\"elementor-widget-wrap elementor-element-populated\">\n\t\t\t\t\t\t<div class=\"elementor-element elementor-element-1802ff44 elementor-widget elementor-widget-breadcrumbs\" data-id=\"1802ff44\" data-element_type=\"widget\" data-widget_type=\"breadcrumbs.default\">\n\t\t\t\t<div class=\"elementor-widget-container\">\n\t\t\t\t\t<p id=\"breadcrumbs\"><span><span><a href=\"https:\/\/vmimedica.com\/es\/\">Home<\/a><\/span><\/span><\/p>\t\t\t\t<\/div>\n\t\t\t\t<\/div>\n\t\t\t\t\t<\/div>\n\t\t<\/div>\n\t\t\t\t<div class=\"elementor-column elementor-col-50 elementor-inner-column elementor-element elementor-element-17d49fd3\" data-id=\"17d49fd3\" data-element_type=\"column\">\n\t\t\t<div class=\"elementor-widget-wrap\">\n\t\t\t\t\t\t\t<\/div>\n\t\t<\/div>\n\t\t\t\t\t<\/div>\n\t\t<\/section>\n\t\t\t\t\t<\/div>\n\t\t<\/div>\n\t\t\t\t\t<\/div>\n\t\t<\/section>\n\t\t\t\t<section class=\"elementor-section elementor-top-section elementor-element elementor-element-911b099 elementor-section-boxed elementor-section-height-default elementor-section-height-default\" data-id=\"911b099\" data-element_type=\"section\" data-settings=\"{&quot;background_background&quot;:&quot;classic&quot;}\">\n\t\t\t\t\t\t<div class=\"elementor-container elementor-column-gap-default\">\n\t\t\t\t\t<div class=\"elementor-column elementor-col-50 elementor-top-column elementor-element elementor-element-6f4eec86\" data-id=\"6f4eec86\" data-element_type=\"column\">\n\t\t\t<div class=\"elementor-widget-wrap elementor-element-populated\">\n\t\t\t\t\t\t<section class=\"elementor-section elementor-inner-section elementor-element elementor-element-52529be5 elementor-section-boxed elementor-section-height-default elementor-section-height-default\" data-id=\"52529be5\" data-element_type=\"section\">\n\t\t\t\t\t\t<div class=\"elementor-container elementor-column-gap-default\">\n\t\t\t\t\t<div class=\"elementor-column elementor-col-100 elementor-inner-column elementor-element elementor-element-1db7c5be\" data-id=\"1db7c5be\" data-element_type=\"column\">\n\t\t\t<div class=\"elementor-widget-wrap elementor-element-populated\">\n\t\t\t\t\t\t<div class=\"elementor-element elementor-element-11b2eabb elementor-widget elementor-widget-text-editor\" data-id=\"11b2eabb\" data-element_type=\"widget\" data-widget_type=\"text-editor.default\">\n\t\t\t\t<div class=\"elementor-widget-container\">\n\t\t\t\t\t\t\t\t\t\u00c1REAS DE ATUACI\u00d3N\n\t\t\t\t\t\t\t\t<\/div>\n\t\t\t\t<\/div>\n\t\t\t\t<div class=\"elementor-element elementor-element-1ee6685a elementor-icon-list--layout-traditional elementor-list-item-link-full_width elementor-widget elementor-widget-icon-list\" data-id=\"1ee6685a\" data-element_type=\"widget\" data-widget_type=\"icon-list.default\">\n\t\t\t\t<div class=\"elementor-widget-container\">\n\t\t\t\t\t\t\t<ul class=\"elementor-icon-list-items\">\n\t\t\t\t\t\t\t<li class=\"elementor-icon-list-item\">\n\t\t\t\t\t\t\t\t\t\t\t<a href=\"https:\/\/vmimedica.com\/mamografos\/\">\n\n\t\t\t\t\t\t\t\t\t\t\t<span class=\"elementor-icon-list-text\">Mam\u00f3grafos<\/span>\n\t\t\t\t\t\t\t\t\t\t\t<\/a>\n\t\t\t\t\t\t\t\t\t<\/li>\n\t\t\t\t\t\t\t\t<li class=\"elementor-icon-list-item\">\n\t\t\t\t\t\t\t\t\t\t\t<a href=\"https:\/\/vmimedica.com\/raios-x-moveis\/\">\n\n\t\t\t\t\t\t\t\t\t\t\t<span class=\"elementor-icon-list-text\">Rayos X m\u00f3viles<\/span>\n\t\t\t\t\t\t\t\t\t\t\t<\/a>\n\t\t\t\t\t\t\t\t\t<\/li>\n\t\t\t\t\t\t\t\t<li class=\"elementor-icon-list-item\">\n\t\t\t\t\t\t\t\t\t\t\t<a href=\"https:\/\/vmimedica.com\/raios-x-fixos\/\">\n\n\t\t\t\t\t\t\t\t\t\t\t<span class=\"elementor-icon-list-text\">Raios-X Fixos<\/span>\n\t\t\t\t\t\t\t\t\t\t\t<\/a>\n\t\t\t\t\t\t\t\t\t<\/li>\n\t\t\t\t\t\t\t\t<li class=\"elementor-icon-list-item\">\n\t\t\t\t\t\t\t\t\t\t\t<a href=\"https:\/\/vmimedica.com\/raios-x-telecomandado\/\">\n\n\t\t\t\t\t\t\t\t\t\t\t<span class=\"elementor-icon-list-text\">Rayos X telecomandado<\/span>\n\t\t\t\t\t\t\t\t\t\t\t<\/a>\n\t\t\t\t\t\t\t\t\t<\/li>\n\t\t\t\t\t\t\t\t<li class=\"elementor-icon-list-item\">\n\t\t\t\t\t\t\t\t\t\t\t<a href=\"https:\/\/vmimedica.com\/arcos-cirurgicos\/\">\n\n\t\t\t\t\t\t\t\t\t\t\t<span class=\"elementor-icon-list-text\">Arcos quir\u00fargicos<\/span>\n\t\t\t\t\t\t\t\t\t\t\t<\/a>\n\t\t\t\t\t\t\t\t\t<\/li>\n\t\t\t\t\t\t<\/ul>\n\t\t\t\t\t\t<\/div>\n\t\t\t\t<\/div>\n\t\t\t\t\t<\/div>\n\t\t<\/div>\n\t\t\t\t\t<\/div>\n\t\t<\/section>\n\t\t\t\t\t<\/div>\n\t\t<\/div>\n\t\t\t\t<div class=\"elementor-column elementor-col-50 elementor-top-column elementor-element elementor-element-2b069605\" data-id=\"2b069605\" data-element_type=\"column\">\n\t\t\t<div class=\"elementor-widget-wrap elementor-element-populated\">\n\t\t\t\t\t\t<section class=\"elementor-section elementor-inner-section elementor-element elementor-element-31fdd0aa elementor-section-content-middle elementor-section-boxed elementor-section-height-default elementor-section-height-default\" data-id=\"31fdd0aa\" data-element_type=\"section\">\n\t\t\t\t\t\t<div class=\"elementor-container elementor-column-gap-default\">\n\t\t\t\t\t<div class=\"elementor-column elementor-col-33 elementor-inner-column elementor-element elementor-element-2227879a\" data-id=\"2227879a\" data-element_type=\"column\">\n\t\t\t<div class=\"elementor-widget-wrap elementor-element-populated\">\n\t\t\t\t\t\t<div class=\"elementor-element elementor-element-3533b71a elementor-widget elementor-widget-text-editor\" data-id=\"3533b71a\" data-element_type=\"widget\" data-widget_type=\"text-editor.default\">\n\t\t\t\t<div class=\"elementor-widget-container\">\n\t\t\t\t\t\t\t\t\t<h2 style=\"text-align: right;\">Equipada con un generador de alta frecuencia con tecnolog\u00eda resonante de desplazamiento de fases<\/h2>\t\t\t\t\t\t\t\t<\/div>\n\t\t\t\t<\/div>\n\t\t\t\t\t<\/div>\n\t\t<\/div>\n\t\t\t\t<div class=\"elementor-column elementor-col-33 elementor-inner-column elementor-element elementor-element-5990adab\" data-id=\"5990adab\" data-element_type=\"column\">\n\t\t\t<div class=\"elementor-widget-wrap elementor-element-populated\">\n\t\t\t\t\t\t<div class=\"elementor-element elementor-element-7c997086 elementor-widget elementor-widget-image\" data-id=\"7c997086\" data-element_type=\"widget\" data-widget_type=\"image.default\">\n\t\t\t\t<div class=\"elementor-widget-container\">\n\t\t\t\t\t\t\t\t\t\t\t\t\t\t\t<img decoding=\"async\" width=\"5\" height=\"221\" src=\"https:\/\/vmimedica.com\/wp-content\/uploads\/2021\/07\/separator-vmi-1.png\" class=\"attachment-large size-large wp-image-18\" alt=\"\" \/>\t\t\t\t\t\t\t\t\t\t\t\t\t\t\t<\/div>\n\t\t\t\t<\/div>\n\t\t\t\t\t<\/div>\n\t\t<\/div>\n\t\t\t\t<div class=\"elementor-column elementor-col-33 elementor-inner-column elementor-element elementor-element-4fbf5d2\" data-id=\"4fbf5d2\" data-element_type=\"column\">\n\t\t\t<div class=\"elementor-widget-wrap elementor-element-populated\">\n\t\t\t\t\t\t<div class=\"elementor-element elementor-element-d1fb696 elementor-widget elementor-widget-text-editor\" data-id=\"d1fb696\" data-element_type=\"widget\" data-widget_type=\"text-editor.default\">\n\t\t\t\t<div class=\"elementor-widget-container\">\n\t\t\t\t\t\t\t\t\t<h4>la l\u00ednea Apolo proporciona una alta calidad de imagen con dosis muy bajas aplicadas al paciente y un tiempo de exposici\u00f3n reducido. El alto rendimiento, la fiabilidad y la precisi\u00f3n, hacen de Apolo uno de los equipos de producci\u00f3n m\u00e1s modernos y fiables del mundo.<\/h4>\t\t\t\t\t\t\t\t<\/div>\n\t\t\t\t<\/div>\n\t\t\t\t\t<\/div>\n\t\t<\/div>\n\t\t\t\t\t<\/div>\n\t\t<\/section>\n\t\t\t\t<section class=\"elementor-section elementor-inner-section elementor-element elementor-element-67fc0000 elementor-section-boxed elementor-section-height-default elementor-section-height-default\" data-id=\"67fc0000\" data-element_type=\"section\">\n\t\t\t\t\t\t<div class=\"elementor-container elementor-column-gap-default\">\n\t\t\t\t\t<div class=\"elementor-column elementor-col-100 elementor-inner-column elementor-element elementor-element-7af0821d\" data-id=\"7af0821d\" data-element_type=\"column\">\n\t\t\t<div class=\"elementor-widget-wrap\">\n\t\t\t\t\t\t\t<\/div>\n\t\t<\/div>\n\t\t\t\t\t<\/div>\n\t\t<\/section>\n\t\t\t\t\t<\/div>\n\t\t<\/div>\n\t\t\t\t\t<\/div>\n\t\t<\/section>\n\t\t\t\t<section class=\"elementor-section elementor-top-section elementor-element elementor-element-76973f9b elementor-section-boxed elementor-section-height-default elementor-section-height-default\" data-id=\"76973f9b\" data-element_type=\"section\">\n\t\t\t\t\t\t<div class=\"elementor-container elementor-column-gap-default\">\n\t\t\t\t\t<div class=\"elementor-column elementor-col-100 elementor-top-column elementor-element elementor-element-2937446a\" data-id=\"2937446a\" data-element_type=\"column\">\n\t\t\t<div class=\"elementor-widget-wrap\">\n\t\t\t\t\t\t\t<\/div>\n\t\t<\/div>\n\t\t\t\t\t<\/div>\n\t\t<\/section>\n\t\t\t\t<\/div>\n\t\t","protected":false},"excerpt":{"rendered":"<p>\u00c1REAS DE ATUACI\u00d3N Mam\u00f3grafos Rayos X m\u00f3viles Raios-X Fixos Rayos X telecomandado Arcos quir\u00fargicos Equipada con un generador de alta frecuencia con tecnolog\u00eda resonante de desplazamiento de fases la l\u00ednea Apolo proporciona una alta calidad de imagen con dosis muy bajas aplicadas al paciente y un tiempo de exposici\u00f3n reducido. El alto rendimiento, la fiabilidad [&hellip;]<\/p>\n","protected":false},"author":123461,"featured_media":0,"parent":0,"menu_order":0,"comment_status":"closed","ping_status":"closed","template":"","meta":{"_acf_changed":false,"footnotes":""},"class_list":["post-814","page","type-page","status-publish","hentry"],"acf":[],"yoast_head":"<!-- This site is optimized with the Yoast SEO plugin v26.3 - https:\/\/yoast.com\/wordpress\/plugins\/seo\/ -->\n<title>Rayos X fijos - VMI Medica<\/title>\n<meta name=\"robots\" content=\"index, follow, max-snippet:-1, max-image-preview:large, max-video-preview:-1\" \/>\n<link rel=\"canonical\" href=\"https:\/\/vmimedica.com\/es\/rayos-x-fijos\/\" \/>\n<meta property=\"og:locale\" content=\"es_ES\" \/>\n<meta property=\"og:type\" content=\"article\" \/>\n<meta property=\"og:title\" content=\"Rayos X fijos - VMI Medica\" \/>\n<meta property=\"og:description\" content=\"\u00c1REAS DE ATUACI\u00d3N Mam\u00f3grafos Rayos X m\u00f3viles Raios-X Fixos Rayos X telecomandado Arcos quir\u00fargicos Equipada con un generador de alta frecuencia con tecnolog\u00eda resonante de desplazamiento de fases la l\u00ednea Apolo proporciona una alta calidad de imagen con dosis muy bajas aplicadas al paciente y un tiempo de exposici\u00f3n reducido. El alto rendimiento, la fiabilidad [&hellip;]\" \/>\n<meta property=\"og:url\" content=\"https:\/\/vmimedica.com\/es\/rayos-x-fijos\/\" \/>\n<meta property=\"og:site_name\" content=\"VMI Medica\" \/>\n<meta property=\"article:modified_time\" content=\"2021-08-10T01:02:35+00:00\" \/>\n<meta property=\"og:image\" content=\"http:\/\/vmimedica.com\/wp-content\/uploads\/2021\/07\/separator-vmi-1.png\" \/>\n<meta name=\"twitter:card\" content=\"summary_large_image\" \/>\n<meta name=\"twitter:label1\" content=\"Tiempo de lectura\" \/>\n\t<meta name=\"twitter:data1\" content=\"2 minutos\" \/>\n<script type=\"application\/ld+json\" class=\"yoast-schema-graph\">{\"@context\":\"https:\/\/schema.org\",\"@graph\":[{\"@type\":\"WebPage\",\"@id\":\"https:\/\/vmimedica.com\/es\/rayos-x-fijos\/\",\"url\":\"https:\/\/vmimedica.com\/es\/rayos-x-fijos\/\",\"name\":\"Rayos X fijos - VMI Medica\",\"isPartOf\":{\"@id\":\"https:\/\/vmimedica.com\/en\/#website\"},\"primaryImageOfPage\":{\"@id\":\"https:\/\/vmimedica.com\/es\/rayos-x-fijos\/#primaryimage\"},\"image\":{\"@id\":\"https:\/\/vmimedica.com\/es\/rayos-x-fijos\/#primaryimage\"},\"thumbnailUrl\":\"http:\/\/vmimedica.com\/wp-content\/uploads\/2021\/07\/separator-vmi-1.png\",\"datePublished\":\"2021-07-20T16:54:24+00:00\",\"dateModified\":\"2021-08-10T01:02:35+00:00\",\"breadcrumb\":{\"@id\":\"https:\/\/vmimedica.com\/es\/rayos-x-fijos\/#breadcrumb\"},\"inLanguage\":\"es\",\"potentialAction\":[{\"@type\":\"ReadAction\",\"target\":[\"https:\/\/vmimedica.com\/es\/rayos-x-fijos\/\"]}]},{\"@type\":\"ImageObject\",\"inLanguage\":\"es\",\"@id\":\"https:\/\/vmimedica.com\/es\/rayos-x-fijos\/#primaryimage\",\"url\":\"http:\/\/vmimedica.com\/wp-content\/uploads\/2021\/07\/separator-vmi-1.png\",\"contentUrl\":\"http:\/\/vmimedica.com\/wp-content\/uploads\/2021\/07\/separator-vmi-1.png\"},{\"@type\":\"BreadcrumbList\",\"@id\":\"https:\/\/vmimedica.com\/es\/rayos-x-fijos\/#breadcrumb\",\"itemListElement\":[{\"@type\":\"ListItem\",\"position\":1,\"name\":\"Home\",\"item\":\"https:\/\/vmimedica.com\/es\/\"},{\"@type\":\"ListItem\",\"position\":2,\"name\":\"Rayos X fijos\"}]},{\"@type\":\"WebSite\",\"@id\":\"https:\/\/vmimedica.com\/en\/#website\",\"url\":\"https:\/\/vmimedica.com\/en\/\",\"name\":\"VMI Medica\",\"description\":\"Equipamentos de Raio-x e Mamografia\",\"publisher\":{\"@id\":\"https:\/\/vmimedica.com\/en\/#organization\"},\"potentialAction\":[{\"@type\":\"SearchAction\",\"target\":{\"@type\":\"EntryPoint\",\"urlTemplate\":\"https:\/\/vmimedica.com\/en\/?s={search_term_string}\"},\"query-input\":{\"@type\":\"PropertyValueSpecification\",\"valueRequired\":true,\"valueName\":\"search_term_string\"}}],\"inLanguage\":\"es\"},{\"@type\":\"Organization\",\"@id\":\"https:\/\/vmimedica.com\/en\/#organization\",\"name\":\"VMI Medica\",\"url\":\"https:\/\/vmimedica.com\/en\/\",\"logo\":{\"@type\":\"ImageObject\",\"inLanguage\":\"es\",\"@id\":\"https:\/\/vmimedica.com\/en\/#\/schema\/logo\/image\/\",\"url\":\"https:\/\/vmimedica.com\/wp-content\/uploads\/2022\/12\/cropped-Logo-VMI.png\",\"contentUrl\":\"https:\/\/vmimedica.com\/wp-content\/uploads\/2022\/12\/cropped-Logo-VMI.png\",\"width\":324,\"height\":192,\"caption\":\"VMI Medica\"},\"image\":{\"@id\":\"https:\/\/vmimedica.com\/en\/#\/schema\/logo\/image\/\"}}]}<\/script>\n<!-- \/ Yoast SEO plugin. -->","yoast_head_json":{"title":"Rayos X fijos - VMI Medica","robots":{"index":"index","follow":"follow","max-snippet":"max-snippet:-1","max-image-preview":"max-image-preview:large","max-video-preview":"max-video-preview:-1"},"canonical":"https:\/\/vmimedica.com\/es\/rayos-x-fijos\/","og_locale":"es_ES","og_type":"article","og_title":"Rayos X fijos - VMI Medica","og_description":"\u00c1REAS DE ATUACI\u00d3N Mam\u00f3grafos Rayos X m\u00f3viles Raios-X Fixos Rayos X telecomandado Arcos quir\u00fargicos Equipada con un generador de alta frecuencia con tecnolog\u00eda resonante de desplazamiento de fases la l\u00ednea Apolo proporciona una alta calidad de imagen con dosis muy bajas aplicadas al paciente y un tiempo de exposici\u00f3n reducido. El alto rendimiento, la fiabilidad [&hellip;]","og_url":"https:\/\/vmimedica.com\/es\/rayos-x-fijos\/","og_site_name":"VMI Medica","article_modified_time":"2021-08-10T01:02:35+00:00","og_image":[{"url":"http:\/\/vmimedica.com\/wp-content\/uploads\/2021\/07\/separator-vmi-1.png","type":"","width":"","height":""}],"twitter_card":"summary_large_image","twitter_misc":{"Tiempo de lectura":"2 minutos"},"schema":{"@context":"https:\/\/schema.org","@graph":[{"@type":"WebPage","@id":"https:\/\/vmimedica.com\/es\/rayos-x-fijos\/","url":"https:\/\/vmimedica.com\/es\/rayos-x-fijos\/","name":"Rayos X fijos - VMI Medica","isPartOf":{"@id":"https:\/\/vmimedica.com\/en\/#website"},"primaryImageOfPage":{"@id":"https:\/\/vmimedica.com\/es\/rayos-x-fijos\/#primaryimage"},"image":{"@id":"https:\/\/vmimedica.com\/es\/rayos-x-fijos\/#primaryimage"},"thumbnailUrl":"http:\/\/vmimedica.com\/wp-content\/uploads\/2021\/07\/separator-vmi-1.png","datePublished":"2021-07-20T16:54:24+00:00","dateModified":"2021-08-10T01:02:35+00:00","breadcrumb":{"@id":"https:\/\/vmimedica.com\/es\/rayos-x-fijos\/#breadcrumb"},"inLanguage":"es","potentialAction":[{"@type":"ReadAction","target":["https:\/\/vmimedica.com\/es\/rayos-x-fijos\/"]}]},{"@type":"ImageObject","inLanguage":"es","@id":"https:\/\/vmimedica.com\/es\/rayos-x-fijos\/#primaryimage","url":"http:\/\/vmimedica.com\/wp-content\/uploads\/2021\/07\/separator-vmi-1.png","contentUrl":"http:\/\/vmimedica.com\/wp-content\/uploads\/2021\/07\/separator-vmi-1.png"},{"@type":"BreadcrumbList","@id":"https:\/\/vmimedica.com\/es\/rayos-x-fijos\/#breadcrumb","itemListElement":[{"@type":"ListItem","position":1,"name":"Home","item":"https:\/\/vmimedica.com\/es\/"},{"@type":"ListItem","position":2,"name":"Rayos X fijos"}]},{"@type":"WebSite","@id":"https:\/\/vmimedica.com\/en\/#website","url":"https:\/\/vmimedica.com\/en\/","name":"VMI Medica","description":"Equipamentos de Raio-x e Mamografia","publisher":{"@id":"https:\/\/vmimedica.com\/en\/#organization"},"potentialAction":[{"@type":"SearchAction","target":{"@type":"EntryPoint","urlTemplate":"https:\/\/vmimedica.com\/en\/?s={search_term_string}"},"query-input":{"@type":"PropertyValueSpecification","valueRequired":true,"valueName":"search_term_string"}}],"inLanguage":"es"},{"@type":"Organization","@id":"https:\/\/vmimedica.com\/en\/#organization","name":"VMI Medica","url":"https:\/\/vmimedica.com\/en\/","logo":{"@type":"ImageObject","inLanguage":"es","@id":"https:\/\/vmimedica.com\/en\/#\/schema\/logo\/image\/","url":"https:\/\/vmimedica.com\/wp-content\/uploads\/2022\/12\/cropped-Logo-VMI.png","contentUrl":"https:\/\/vmimedica.com\/wp-content\/uploads\/2022\/12\/cropped-Logo-VMI.png","width":324,"height":192,"caption":"VMI Medica"},"image":{"@id":"https:\/\/vmimedica.com\/en\/#\/schema\/logo\/image\/"}}]}},"_links":{"self":[{"href":"https:\/\/vmimedica.com\/es\/wp-json\/wp\/v2\/pages\/814","targetHints":{"allow":["GET"]}}],"collection":[{"href":"https:\/\/vmimedica.com\/es\/wp-json\/wp\/v2\/pages"}],"about":[{"href":"https:\/\/vmimedica.com\/es\/wp-json\/wp\/v2\/types\/page"}],"author":[{"embeddable":true,"href":"https:\/\/vmimedica.com\/es\/wp-json\/wp\/v2\/users\/123461"}],"replies":[{"embeddable":true,"href":"https:\/\/vmimedica.com\/es\/wp-json\/wp\/v2\/comments?post=814"}],"version-history":[{"count":5,"href":"https:\/\/vmimedica.com\/es\/wp-json\/wp\/v2\/pages\/814\/revisions"}],"predecessor-version":[{"id":1470,"href":"https:\/\/vmimedica.com\/es\/wp-json\/wp\/v2\/pages\/814\/revisions\/1470"}],"wp:attachment":[{"href":"https:\/\/vmimedica.com\/es\/wp-json\/wp\/v2\/media?parent=814"}],"curies":[{"name":"wp","href":"https:\/\/api.w.org\/{rel}","templated":true}]}}