{"id":810,"date":"2021-07-20T16:50:52","date_gmt":"2021-07-20T16:50:52","guid":{"rendered":"http:\/\/vmimedica.com\/mamografos\/"},"modified":"2021-08-09T23:07:08","modified_gmt":"2021-08-09T23:07:08","slug":"mamografos","status":"publish","type":"page","link":"https:\/\/vmimedica.com\/es\/mamografos\/","title":{"rendered":"Mam\u00f3grafos"},"content":{"rendered":"\t\t<div data-elementor-type=\"wp-page\" data-elementor-id=\"810\" class=\"elementor elementor-810\" data-elementor-post-type=\"page\">\n\t\t\t\t\t\t<section class=\"elementor-section elementor-top-section elementor-element elementor-element-2a3d309a elementor-section-stretched elementor-section-full_width elementor-section-height-default elementor-section-height-default\" data-id=\"2a3d309a\" data-element_type=\"section\" data-settings=\"{&quot;stretch_section&quot;:&quot;section-stretched&quot;,&quot;background_background&quot;:&quot;classic&quot;}\">\n\t\t\t\t\t\t<div class=\"elementor-container elementor-column-gap-default\">\n\t\t\t\t\t<div class=\"elementor-column elementor-col-100 elementor-top-column elementor-element elementor-element-7a397606\" data-id=\"7a397606\" data-element_type=\"column\">\n\t\t\t<div class=\"elementor-widget-wrap elementor-element-populated\">\n\t\t\t\t\t\t<section class=\"elementor-section elementor-inner-section elementor-element elementor-element-9b0f454 elementor-section-boxed elementor-section-height-default elementor-section-height-default\" data-id=\"9b0f454\" data-element_type=\"section\">\n\t\t\t\t\t\t<div class=\"elementor-container elementor-column-gap-default\">\n\t\t\t\t\t<div class=\"elementor-column elementor-col-50 elementor-inner-column elementor-element elementor-element-26ea0aec\" data-id=\"26ea0aec\" data-element_type=\"column\">\n\t\t\t<div class=\"elementor-widget-wrap elementor-element-populated\">\n\t\t\t\t\t\t<div class=\"elementor-element elementor-element-1161c829 elementor-widget elementor-widget-breadcrumbs\" data-id=\"1161c829\" data-element_type=\"widget\" data-widget_type=\"breadcrumbs.default\">\n\t\t\t\t<div class=\"elementor-widget-container\">\n\t\t\t\t\t<p id=\"breadcrumbs\"><span><span><a href=\"https:\/\/vmimedica.com\/es\/\">Home<\/a><\/span><\/span><\/p>\t\t\t\t<\/div>\n\t\t\t\t<\/div>\n\t\t\t\t\t<\/div>\n\t\t<\/div>\n\t\t\t\t<div class=\"elementor-column elementor-col-50 elementor-inner-column elementor-element elementor-element-4ee1ca1\" data-id=\"4ee1ca1\" data-element_type=\"column\">\n\t\t\t<div class=\"elementor-widget-wrap\">\n\t\t\t\t\t\t\t<\/div>\n\t\t<\/div>\n\t\t\t\t\t<\/div>\n\t\t<\/section>\n\t\t\t\t\t<\/div>\n\t\t<\/div>\n\t\t\t\t\t<\/div>\n\t\t<\/section>\n\t\t\t\t<section class=\"elementor-section elementor-top-section elementor-element elementor-element-3966d4cf elementor-section-boxed elementor-section-height-default elementor-section-height-default\" data-id=\"3966d4cf\" data-element_type=\"section\" data-settings=\"{&quot;background_background&quot;:&quot;classic&quot;}\">\n\t\t\t\t\t\t<div class=\"elementor-container elementor-column-gap-default\">\n\t\t\t\t\t<div class=\"elementor-column elementor-col-50 elementor-top-column elementor-element elementor-element-1b11475c\" data-id=\"1b11475c\" data-element_type=\"column\">\n\t\t\t<div class=\"elementor-widget-wrap elementor-element-populated\">\n\t\t\t\t\t\t<section class=\"elementor-section elementor-inner-section elementor-element elementor-element-7a3f340d elementor-section-boxed elementor-section-height-default elementor-section-height-default\" data-id=\"7a3f340d\" data-element_type=\"section\">\n\t\t\t\t\t\t<div class=\"elementor-container elementor-column-gap-default\">\n\t\t\t\t\t<div class=\"elementor-column elementor-col-100 elementor-inner-column elementor-element elementor-element-5a19f8b4\" data-id=\"5a19f8b4\" data-element_type=\"column\">\n\t\t\t<div class=\"elementor-widget-wrap elementor-element-populated\">\n\t\t\t\t\t\t<div class=\"elementor-element elementor-element-170ca194 elementor-widget elementor-widget-text-editor\" data-id=\"170ca194\" data-element_type=\"widget\" data-widget_type=\"text-editor.default\">\n\t\t\t\t<div class=\"elementor-widget-container\">\n\t\t\t\t\t\t\t\t\tVEA TAMBI\u00c9N\n\t\t\t\t\t\t\t\t<\/div>\n\t\t\t\t<\/div>\n\t\t\t\t<div class=\"elementor-element elementor-element-234c01b4 elementor-icon-list--layout-traditional elementor-list-item-link-full_width elementor-widget elementor-widget-icon-list\" data-id=\"234c01b4\" data-element_type=\"widget\" data-widget_type=\"icon-list.default\">\n\t\t\t\t<div class=\"elementor-widget-container\">\n\t\t\t\t\t\t\t<ul class=\"elementor-icon-list-items\">\n\t\t\t\t\t\t\t<li class=\"elementor-icon-list-item\">\n\t\t\t\t\t\t\t\t\t\t\t<a href=\"https:\/\/vmimedica.com\/mamografos\/\">\n\n\t\t\t\t\t\t\t\t\t\t\t<span class=\"elementor-icon-list-text\">Mam\u00f3grafos<\/span>\n\t\t\t\t\t\t\t\t\t\t\t<\/a>\n\t\t\t\t\t\t\t\t\t<\/li>\n\t\t\t\t\t\t\t\t<li class=\"elementor-icon-list-item\">\n\t\t\t\t\t\t\t\t\t\t\t<a href=\"https:\/\/vmimedica.com\/raios-x-moveis\/\">\n\n\t\t\t\t\t\t\t\t\t\t\t<span class=\"elementor-icon-list-text\">Rayos X m\u00f3viles<\/span>\n\t\t\t\t\t\t\t\t\t\t\t<\/a>\n\t\t\t\t\t\t\t\t\t<\/li>\n\t\t\t\t\t\t\t\t<li class=\"elementor-icon-list-item\">\n\t\t\t\t\t\t\t\t\t\t\t<a href=\"https:\/\/vmimedica.com\/raios-x-fixos\/\">\n\n\t\t\t\t\t\t\t\t\t\t\t<span class=\"elementor-icon-list-text\">Rayos X fijos<\/span>\n\t\t\t\t\t\t\t\t\t\t\t<\/a>\n\t\t\t\t\t\t\t\t\t<\/li>\n\t\t\t\t\t\t\t\t<li class=\"elementor-icon-list-item\">\n\t\t\t\t\t\t\t\t\t\t\t<a href=\"https:\/\/vmimedica.com\/raios-x-telecomandado\/\">\n\n\t\t\t\t\t\t\t\t\t\t\t<span class=\"elementor-icon-list-text\">Rayos X telecomandado<\/span>\n\t\t\t\t\t\t\t\t\t\t\t<\/a>\n\t\t\t\t\t\t\t\t\t<\/li>\n\t\t\t\t\t\t\t\t<li class=\"elementor-icon-list-item\">\n\t\t\t\t\t\t\t\t\t\t\t<a href=\"https:\/\/vmimedica.com\/arcos-cirurgicos\/\">\n\n\t\t\t\t\t\t\t\t\t\t\t<span class=\"elementor-icon-list-text\">Arcos quir\u00fargicos<\/span>\n\t\t\t\t\t\t\t\t\t\t\t<\/a>\n\t\t\t\t\t\t\t\t\t<\/li>\n\t\t\t\t\t\t<\/ul>\n\t\t\t\t\t\t<\/div>\n\t\t\t\t<\/div>\n\t\t\t\t\t<\/div>\n\t\t<\/div>\n\t\t\t\t\t<\/div>\n\t\t<\/section>\n\t\t\t\t\t<\/div>\n\t\t<\/div>\n\t\t\t\t<div class=\"elementor-column elementor-col-50 elementor-top-column elementor-element elementor-element-14d6bd61\" data-id=\"14d6bd61\" data-element_type=\"column\">\n\t\t\t<div class=\"elementor-widget-wrap elementor-element-populated\">\n\t\t\t\t\t\t<section class=\"elementor-section elementor-inner-section elementor-element elementor-element-67fb91e8 elementor-section-content-middle elementor-section-boxed elementor-section-height-default elementor-section-height-default\" data-id=\"67fb91e8\" data-element_type=\"section\">\n\t\t\t\t\t\t<div class=\"elementor-container elementor-column-gap-default\">\n\t\t\t\t\t<div class=\"elementor-column elementor-col-33 elementor-inner-column elementor-element elementor-element-488c5cb7\" data-id=\"488c5cb7\" data-element_type=\"column\">\n\t\t\t<div class=\"elementor-widget-wrap elementor-element-populated\">\n\t\t\t\t\t\t<div class=\"elementor-element elementor-element-79a647e elementor-widget elementor-widget-text-editor\" data-id=\"79a647e\" data-element_type=\"widget\" data-widget_type=\"text-editor.default\">\n\t\t\t\t<div class=\"elementor-widget-container\">\n\t\t\t\t\t\t\t\t\t<h2 style=\"text-align: right;\">Para nosotros, \u00a1cada detalle importa!\n<\/h2>\t\t\t\t\t\t\t\t<\/div>\n\t\t\t\t<\/div>\n\t\t\t\t\t<\/div>\n\t\t<\/div>\n\t\t\t\t<div class=\"elementor-column elementor-col-33 elementor-inner-column elementor-element elementor-element-674159cc\" data-id=\"674159cc\" data-element_type=\"column\">\n\t\t\t<div class=\"elementor-widget-wrap elementor-element-populated\">\n\t\t\t\t\t\t<div class=\"elementor-element elementor-element-764acb69 elementor-widget elementor-widget-image\" data-id=\"764acb69\" data-element_type=\"widget\" data-widget_type=\"image.default\">\n\t\t\t\t<div class=\"elementor-widget-container\">\n\t\t\t\t\t\t\t\t\t\t\t\t\t\t\t<img decoding=\"async\" width=\"5\" height=\"221\" src=\"https:\/\/vmimedica.com\/wp-content\/uploads\/2021\/07\/separator-vmi-1.png\" class=\"attachment-large size-large wp-image-18\" alt=\"\" \/>\t\t\t\t\t\t\t\t\t\t\t\t\t\t\t<\/div>\n\t\t\t\t<\/div>\n\t\t\t\t\t<\/div>\n\t\t<\/div>\n\t\t\t\t<div class=\"elementor-column elementor-col-33 elementor-inner-column elementor-element elementor-element-3e4cacc9\" data-id=\"3e4cacc9\" data-element_type=\"column\">\n\t\t\t<div class=\"elementor-widget-wrap elementor-element-populated\">\n\t\t\t\t\t\t<div class=\"elementor-element elementor-element-1f991be8 elementor-widget elementor-widget-text-editor\" data-id=\"1f991be8\" data-element_type=\"widget\" data-widget_type=\"text-editor.default\">\n\t\t\t\t<div class=\"elementor-widget-container\">\n\t\t\t\t\t\t\t\t\t<h4>Equipos de mamograf\u00eda con ultradefinici\u00f3n de imagen, seguridad, productividad, rendimiento y dise\u00f1o moderno incorporando las \u00faltimas caracter\u00edsticas tecnol\u00f3gicas de electr\u00f3nica, hacen de Digimamo un equipo de vanguardia desarrollado a nivel nacional.<\/h4>\t\t\t\t\t\t\t\t<\/div>\n\t\t\t\t<\/div>\n\t\t\t\t\t<\/div>\n\t\t<\/div>\n\t\t\t\t\t<\/div>\n\t\t<\/section>\n\t\t\t\t<section class=\"elementor-section elementor-inner-section elementor-element elementor-element-27d0d54a elementor-section-boxed elementor-section-height-default elementor-section-height-default\" data-id=\"27d0d54a\" data-element_type=\"section\">\n\t\t\t\t\t\t<div class=\"elementor-container elementor-column-gap-default\">\n\t\t\t\t\t<div class=\"elementor-column elementor-col-100 elementor-inner-column elementor-element elementor-element-e0a2cfa\" data-id=\"e0a2cfa\" data-element_type=\"column\">\n\t\t\t<div class=\"elementor-widget-wrap\">\n\t\t\t\t\t\t\t<\/div>\n\t\t<\/div>\n\t\t\t\t\t<\/div>\n\t\t<\/section>\n\t\t\t\t\t<\/div>\n\t\t<\/div>\n\t\t\t\t\t<\/div>\n\t\t<\/section>\n\t\t\t\t<section class=\"elementor-section elementor-top-section elementor-element elementor-element-ccb4642 elementor-section-boxed elementor-section-height-default elementor-section-height-default\" data-id=\"ccb4642\" data-element_type=\"section\">\n\t\t\t\t\t\t<div class=\"elementor-container elementor-column-gap-default\">\n\t\t\t\t\t<div class=\"elementor-column elementor-col-100 elementor-top-column elementor-element elementor-element-48c7f83e\" data-id=\"48c7f83e\" data-element_type=\"column\">\n\t\t\t<div class=\"elementor-widget-wrap\">\n\t\t\t\t\t\t\t<\/div>\n\t\t<\/div>\n\t\t\t\t\t<\/div>\n\t\t<\/section>\n\t\t\t\t<\/div>\n\t\t","protected":false},"excerpt":{"rendered":"<p>VEA TAMBI\u00c9N Mam\u00f3grafos Rayos X m\u00f3viles Rayos X fijos Rayos X telecomandado Arcos quir\u00fargicos Para nosotros, \u00a1cada detalle importa! Equipos de mamograf\u00eda con ultradefinici\u00f3n de imagen, seguridad, productividad, rendimiento y dise\u00f1o moderno incorporando las \u00faltimas caracter\u00edsticas tecnol\u00f3gicas de electr\u00f3nica, hacen de Digimamo un equipo de vanguardia desarrollado a nivel nacional. Digimamo S Ver Producto Digimamo [&hellip;]<\/p>\n","protected":false},"author":123461,"featured_media":0,"parent":0,"menu_order":0,"comment_status":"closed","ping_status":"closed","template":"","meta":{"_acf_changed":false,"footnotes":""},"class_list":["post-810","page","type-page","status-publish","hentry"],"acf":[],"yoast_head":"<!-- This site is optimized with the Yoast SEO plugin v26.3 - https:\/\/yoast.com\/wordpress\/plugins\/seo\/ -->\n<title>Mam\u00f3grafos - VMI Medica<\/title>\n<meta name=\"robots\" content=\"index, follow, max-snippet:-1, max-image-preview:large, max-video-preview:-1\" \/>\n<link rel=\"canonical\" href=\"https:\/\/vmimedica.com\/es\/mamografos\/\" \/>\n<meta property=\"og:locale\" content=\"es_ES\" \/>\n<meta property=\"og:type\" content=\"article\" \/>\n<meta property=\"og:title\" content=\"Mam\u00f3grafos - VMI Medica\" \/>\n<meta property=\"og:description\" content=\"VEA TAMBI\u00c9N Mam\u00f3grafos Rayos X m\u00f3viles Rayos X fijos Rayos X telecomandado Arcos quir\u00fargicos Para nosotros, \u00a1cada detalle importa! Equipos de mamograf\u00eda con ultradefinici\u00f3n de imagen, seguridad, productividad, rendimiento y dise\u00f1o moderno incorporando las \u00faltimas caracter\u00edsticas tecnol\u00f3gicas de electr\u00f3nica, hacen de Digimamo un equipo de vanguardia desarrollado a nivel nacional. Digimamo S Ver Producto Digimamo [&hellip;]\" \/>\n<meta property=\"og:url\" content=\"https:\/\/vmimedica.com\/es\/mamografos\/\" \/>\n<meta property=\"og:site_name\" content=\"VMI Medica\" \/>\n<meta property=\"article:modified_time\" content=\"2021-08-09T23:07:08+00:00\" \/>\n<meta property=\"og:image\" content=\"http:\/\/vmimedica.com\/wp-content\/uploads\/2021\/07\/separator-vmi-1.png\" \/>\n<meta name=\"twitter:card\" content=\"summary_large_image\" \/>\n<meta name=\"twitter:label1\" content=\"Tiempo de lectura\" \/>\n\t<meta name=\"twitter:data1\" content=\"2 minutos\" \/>\n<script type=\"application\/ld+json\" class=\"yoast-schema-graph\">{\"@context\":\"https:\/\/schema.org\",\"@graph\":[{\"@type\":\"WebPage\",\"@id\":\"https:\/\/vmimedica.com\/es\/mamografos\/\",\"url\":\"https:\/\/vmimedica.com\/es\/mamografos\/\",\"name\":\"Mam\u00f3grafos - VMI Medica\",\"isPartOf\":{\"@id\":\"https:\/\/vmimedica.com\/en\/#website\"},\"primaryImageOfPage\":{\"@id\":\"https:\/\/vmimedica.com\/es\/mamografos\/#primaryimage\"},\"image\":{\"@id\":\"https:\/\/vmimedica.com\/es\/mamografos\/#primaryimage\"},\"thumbnailUrl\":\"http:\/\/vmimedica.com\/wp-content\/uploads\/2021\/07\/separator-vmi-1.png\",\"datePublished\":\"2021-07-20T16:50:52+00:00\",\"dateModified\":\"2021-08-09T23:07:08+00:00\",\"breadcrumb\":{\"@id\":\"https:\/\/vmimedica.com\/es\/mamografos\/#breadcrumb\"},\"inLanguage\":\"es\",\"potentialAction\":[{\"@type\":\"ReadAction\",\"target\":[\"https:\/\/vmimedica.com\/es\/mamografos\/\"]}]},{\"@type\":\"ImageObject\",\"inLanguage\":\"es\",\"@id\":\"https:\/\/vmimedica.com\/es\/mamografos\/#primaryimage\",\"url\":\"http:\/\/vmimedica.com\/wp-content\/uploads\/2021\/07\/separator-vmi-1.png\",\"contentUrl\":\"http:\/\/vmimedica.com\/wp-content\/uploads\/2021\/07\/separator-vmi-1.png\"},{\"@type\":\"BreadcrumbList\",\"@id\":\"https:\/\/vmimedica.com\/es\/mamografos\/#breadcrumb\",\"itemListElement\":[{\"@type\":\"ListItem\",\"position\":1,\"name\":\"Home\",\"item\":\"https:\/\/vmimedica.com\/es\/\"},{\"@type\":\"ListItem\",\"position\":2,\"name\":\"Mam\u00f3grafos\"}]},{\"@type\":\"WebSite\",\"@id\":\"https:\/\/vmimedica.com\/en\/#website\",\"url\":\"https:\/\/vmimedica.com\/en\/\",\"name\":\"VMI Medica\",\"description\":\"Equipamentos de Raio-x e Mamografia\",\"publisher\":{\"@id\":\"https:\/\/vmimedica.com\/en\/#organization\"},\"potentialAction\":[{\"@type\":\"SearchAction\",\"target\":{\"@type\":\"EntryPoint\",\"urlTemplate\":\"https:\/\/vmimedica.com\/en\/?s={search_term_string}\"},\"query-input\":{\"@type\":\"PropertyValueSpecification\",\"valueRequired\":true,\"valueName\":\"search_term_string\"}}],\"inLanguage\":\"es\"},{\"@type\":\"Organization\",\"@id\":\"https:\/\/vmimedica.com\/en\/#organization\",\"name\":\"VMI Medica\",\"url\":\"https:\/\/vmimedica.com\/en\/\",\"logo\":{\"@type\":\"ImageObject\",\"inLanguage\":\"es\",\"@id\":\"https:\/\/vmimedica.com\/en\/#\/schema\/logo\/image\/\",\"url\":\"https:\/\/vmimedica.com\/wp-content\/uploads\/2022\/12\/cropped-Logo-VMI.png\",\"contentUrl\":\"https:\/\/vmimedica.com\/wp-content\/uploads\/2022\/12\/cropped-Logo-VMI.png\",\"width\":324,\"height\":192,\"caption\":\"VMI Medica\"},\"image\":{\"@id\":\"https:\/\/vmimedica.com\/en\/#\/schema\/logo\/image\/\"}}]}<\/script>\n<!-- \/ Yoast SEO plugin. -->","yoast_head_json":{"title":"Mam\u00f3grafos - VMI Medica","robots":{"index":"index","follow":"follow","max-snippet":"max-snippet:-1","max-image-preview":"max-image-preview:large","max-video-preview":"max-video-preview:-1"},"canonical":"https:\/\/vmimedica.com\/es\/mamografos\/","og_locale":"es_ES","og_type":"article","og_title":"Mam\u00f3grafos - VMI Medica","og_description":"VEA TAMBI\u00c9N Mam\u00f3grafos Rayos X m\u00f3viles Rayos X fijos Rayos X telecomandado Arcos quir\u00fargicos Para nosotros, \u00a1cada detalle importa! Equipos de mamograf\u00eda con ultradefinici\u00f3n de imagen, seguridad, productividad, rendimiento y dise\u00f1o moderno incorporando las \u00faltimas caracter\u00edsticas tecnol\u00f3gicas de electr\u00f3nica, hacen de Digimamo un equipo de vanguardia desarrollado a nivel nacional. Digimamo S Ver Producto Digimamo [&hellip;]","og_url":"https:\/\/vmimedica.com\/es\/mamografos\/","og_site_name":"VMI Medica","article_modified_time":"2021-08-09T23:07:08+00:00","og_image":[{"url":"http:\/\/vmimedica.com\/wp-content\/uploads\/2021\/07\/separator-vmi-1.png","type":"","width":"","height":""}],"twitter_card":"summary_large_image","twitter_misc":{"Tiempo de lectura":"2 minutos"},"schema":{"@context":"https:\/\/schema.org","@graph":[{"@type":"WebPage","@id":"https:\/\/vmimedica.com\/es\/mamografos\/","url":"https:\/\/vmimedica.com\/es\/mamografos\/","name":"Mam\u00f3grafos - VMI Medica","isPartOf":{"@id":"https:\/\/vmimedica.com\/en\/#website"},"primaryImageOfPage":{"@id":"https:\/\/vmimedica.com\/es\/mamografos\/#primaryimage"},"image":{"@id":"https:\/\/vmimedica.com\/es\/mamografos\/#primaryimage"},"thumbnailUrl":"http:\/\/vmimedica.com\/wp-content\/uploads\/2021\/07\/separator-vmi-1.png","datePublished":"2021-07-20T16:50:52+00:00","dateModified":"2021-08-09T23:07:08+00:00","breadcrumb":{"@id":"https:\/\/vmimedica.com\/es\/mamografos\/#breadcrumb"},"inLanguage":"es","potentialAction":[{"@type":"ReadAction","target":["https:\/\/vmimedica.com\/es\/mamografos\/"]}]},{"@type":"ImageObject","inLanguage":"es","@id":"https:\/\/vmimedica.com\/es\/mamografos\/#primaryimage","url":"http:\/\/vmimedica.com\/wp-content\/uploads\/2021\/07\/separator-vmi-1.png","contentUrl":"http:\/\/vmimedica.com\/wp-content\/uploads\/2021\/07\/separator-vmi-1.png"},{"@type":"BreadcrumbList","@id":"https:\/\/vmimedica.com\/es\/mamografos\/#breadcrumb","itemListElement":[{"@type":"ListItem","position":1,"name":"Home","item":"https:\/\/vmimedica.com\/es\/"},{"@type":"ListItem","position":2,"name":"Mam\u00f3grafos"}]},{"@type":"WebSite","@id":"https:\/\/vmimedica.com\/en\/#website","url":"https:\/\/vmimedica.com\/en\/","name":"VMI Medica","description":"Equipamentos de Raio-x e Mamografia","publisher":{"@id":"https:\/\/vmimedica.com\/en\/#organization"},"potentialAction":[{"@type":"SearchAction","target":{"@type":"EntryPoint","urlTemplate":"https:\/\/vmimedica.com\/en\/?s={search_term_string}"},"query-input":{"@type":"PropertyValueSpecification","valueRequired":true,"valueName":"search_term_string"}}],"inLanguage":"es"},{"@type":"Organization","@id":"https:\/\/vmimedica.com\/en\/#organization","name":"VMI Medica","url":"https:\/\/vmimedica.com\/en\/","logo":{"@type":"ImageObject","inLanguage":"es","@id":"https:\/\/vmimedica.com\/en\/#\/schema\/logo\/image\/","url":"https:\/\/vmimedica.com\/wp-content\/uploads\/2022\/12\/cropped-Logo-VMI.png","contentUrl":"https:\/\/vmimedica.com\/wp-content\/uploads\/2022\/12\/cropped-Logo-VMI.png","width":324,"height":192,"caption":"VMI Medica"},"image":{"@id":"https:\/\/vmimedica.com\/en\/#\/schema\/logo\/image\/"}}]}},"_links":{"self":[{"href":"https:\/\/vmimedica.com\/es\/wp-json\/wp\/v2\/pages\/810","targetHints":{"allow":["GET"]}}],"collection":[{"href":"https:\/\/vmimedica.com\/es\/wp-json\/wp\/v2\/pages"}],"about":[{"href":"https:\/\/vmimedica.com\/es\/wp-json\/wp\/v2\/types\/page"}],"author":[{"embeddable":true,"href":"https:\/\/vmimedica.com\/es\/wp-json\/wp\/v2\/users\/123461"}],"replies":[{"embeddable":true,"href":"https:\/\/vmimedica.com\/es\/wp-json\/wp\/v2\/comments?post=810"}],"version-history":[{"count":4,"href":"https:\/\/vmimedica.com\/es\/wp-json\/wp\/v2\/pages\/810\/revisions"}],"predecessor-version":[{"id":1379,"href":"https:\/\/vmimedica.com\/es\/wp-json\/wp\/v2\/pages\/810\/revisions\/1379"}],"wp:attachment":[{"href":"https:\/\/vmimedica.com\/es\/wp-json\/wp\/v2\/media?parent=810"}],"curies":[{"name":"wp","href":"https:\/\/api.w.org\/{rel}","templated":true}]}}