{"id":3455,"date":"2021-10-27T20:59:51","date_gmt":"2021-10-27T20:59:51","guid":{"rendered":"http:\/\/vmimedica.com\/?page_id=3455"},"modified":"2021-10-27T20:59:52","modified_gmt":"2021-10-27T20:59:52","slug":"lgpd","status":"publish","type":"page","link":"https:\/\/vmimedica.com\/es\/lgpd\/","title":{"rendered":"LGPD"},"content":{"rendered":"\t\t<div data-elementor-type=\"wp-page\" data-elementor-id=\"3455\" class=\"elementor elementor-3455\" data-elementor-post-type=\"page\">\n\t\t\t\t\t\t<section class=\"elementor-section elementor-top-section elementor-element elementor-element-5bcc758 elementor-section-boxed elementor-section-height-default elementor-section-height-default\" data-id=\"5bcc758\" data-element_type=\"section\">\n\t\t\t\t\t\t<div class=\"elementor-container elementor-column-gap-default\">\n\t\t\t\t\t<div class=\"elementor-column elementor-col-100 elementor-top-column elementor-element elementor-element-f86a410\" data-id=\"f86a410\" data-element_type=\"column\">\n\t\t\t<div class=\"elementor-widget-wrap elementor-element-populated\">\n\t\t\t\t\t\t<section class=\"elementor-section elementor-inner-section elementor-element elementor-element-6e25703 elementor-section-boxed elementor-section-height-default elementor-section-height-default\" data-id=\"6e25703\" data-element_type=\"section\">\n\t\t\t\t\t\t<div class=\"elementor-container elementor-column-gap-default\">\n\t\t\t\t\t<div class=\"elementor-column elementor-col-33 elementor-inner-column elementor-element elementor-element-bfa979e\" data-id=\"bfa979e\" data-element_type=\"column\">\n\t\t\t<div class=\"elementor-widget-wrap\">\n\t\t\t\t\t\t\t<\/div>\n\t\t<\/div>\n\t\t\t\t<div class=\"elementor-column elementor-col-33 elementor-inner-column elementor-element elementor-element-53283a2\" data-id=\"53283a2\" data-element_type=\"column\">\n\t\t\t<div class=\"elementor-widget-wrap elementor-element-populated\">\n\t\t\t\t\t\t<div class=\"elementor-element elementor-element-49850fc elementor-widget elementor-widget-text-editor\" data-id=\"49850fc\" data-element_type=\"widget\" data-widget_type=\"text-editor.default\">\n\t\t\t\t<div class=\"elementor-widget-container\">\n\t\t\t\t\t\t\t\t\t<p><strong>Site VMI M\u00e9dica<\/strong><\/p><p>Esta pol\u00edtica de privacidade foi compilada para melhor servir aqueles que est\u00e3o preocupados com a forma como a sua \u2018Informa\u00e7\u00e3o Pessoalmente Identific\u00e1vel\u2019 (IPI) est\u00e1 sendo usada online. As IPI s\u00e3o informa\u00e7\u00f5es que podem ser usadas sozinhas ou com outras informa\u00e7\u00f5es para identificar, contatar ou localizar uma \u00fanica pessoa ou para identificar um indiv\u00edduo no contexto. Por favor, leia nossa pol\u00edtica de privacidade com cuidado para obter uma compreens\u00e3o clara de como n\u00f3s coletamos, usamos, protegemos ou lidamos com suas informa\u00e7\u00f5es pessoalmente identific\u00e1veis \u200b\u200bde acordo com o nosso site.<\/p><p>A VMI M\u00e9dica entende o quanto sua privacidade e os dados fornecidos atrav\u00e9s do Web site s\u00e3o importantes. Nos preocupamos em manter os dados fornecidos por voc\u00ea em uma plataforma segura. Somos comprometidos em adotar os melhores processos e pol\u00edticas internas que assegurem a efetiva\u00e7\u00e3o das normas de boas pr\u00e1ticas relativas aos dados pessoais. Nossa pol\u00edtica de privacidade proporciona informa\u00e7\u00f5es sobre quais tipos de dados s\u00e3o coletados, armazenados, e como os utilizamos em nossos processos, al\u00e9m de informar quem pode acessar os mesmos.<\/p><p><strong>Quais informa\u00e7\u00f5es pessoais coletamos das pessoas que visitam nosso site ou redes sociais?<\/strong><\/p><p>Ao registrar-se em nosso site, voc\u00ea pode ser solicitado, ao seu consentimento, a inserir seu nome, endere\u00e7o de e-mail e telefone. O fornecimento de e-mail e telefone n\u00e3o s\u00e3o obrigat\u00f3rios, e \u00e9 de sua escolha inserir uma ou ambas informa\u00e7\u00f5es, para que possamos entrar em contato com voc\u00ea e disponibilizar mais informa\u00e7\u00f5es sobre nossos equipamentos. Oferecendo seu nome, poderemos nos comunicar com voc\u00ea melhor, da forma como prefere ser chamado. Caso ofere\u00e7a seu e-mail, e se cadastre em nosso newsletter, poder\u00e1 receber conte\u00fados e informa\u00e7\u00e3o sobre nossos produtos e conhecimentos m\u00e9dicos. Caso forne\u00e7a seu telefone, poderemos entrar em contato para poder melhor entender sua necessidade de atendimento<\/p><p><strong>Quando coletamos informa\u00e7\u00f5es?<\/strong><\/p><p>Coletamos o nome e sobrenome para criar um contato mais personalizado. Ex: carlos.silveira<\/p><p>Podemos coletar o telefone, por\u00e9m \u00e9 facultativo. No caso de termos o telefone, entraremos em contato no caso de repasses de informa\u00e7\u00f5es mais complexas sobre o servi\u00e7o.<\/p><p><strong>Como usamos sua informa\u00e7\u00e3o?<\/strong><\/p><p>Podemos usar essas informa\u00e7\u00f5es das seguintes maneiras:<\/p><p>Enviar e-mails informativos para notificar sobre a\u00e7\u00f5es e atualiza\u00e7\u00f5es de nossos produtos.<\/p><p><strong>Como protegemos as informa\u00e7\u00f5es do usu\u00e1rio?<\/strong><\/p><p>A VMI M\u00e9dica utiliza as informa\u00e7\u00f5es fornecidas pelo usu\u00e1rio somente para personaliza\u00e7\u00e3o a agilidade no repasse de propostas e informa\u00e7\u00f5es comerciais, sempre respeitando os princ\u00edpios de prote\u00e7\u00e3o de privacidade. Na maioria das vezes, as informa\u00e7\u00f5es e dados dos usu\u00e1rios e\/ou clientes s\u00e3o trabalhadas apenas como forma de processamento de dados, sem que os funcion\u00e1rios saibam o conte\u00fado, de onde ou a quem se referem as informa\u00e7\u00f5es pessoais.<\/p><p>\u00a0<\/p><p>As atividades de tratamento de dados observam a boa f\u00e9 e os seguintes princ\u00edpios, de acordo com a LEI N\u00ba 13.709, DE 14 DE AGOSTO DE 2018.<\/p><p>Suas informa\u00e7\u00f5es ficam contidas em redes seguras que s\u00f3 podem ser acessadas por um n\u00famero limitado de pessoas, as quais tem acesso especial para tais sistemas, e \u00e9 demandado que os colaboradores mantenham essas informa\u00e7\u00f5es confidenciais.<\/p><p>S\u00e3o implementadas uma variedade de medidas de seguran\u00e7a quando um usu\u00e1rio utiliza nosso sistema para fazer pedidos, para que a seguran\u00e7a de suas informa\u00e7\u00f5es pessoais seja mantida.<\/p><p><strong>N\u00f3s utilizamos \u2018cookies\u00b4?<\/strong><\/p><p>Sim, por\u00e9m os Cookies n\u00e3o d\u00e3o acesso a informa\u00e7\u00f5es pessoais, apenas s\u00e3o usados para definir a linguagem do site, conforme a regi\u00e3o do usu\u00e1rio.<\/p><p><strong>Divulga\u00e7\u00f5es de terceiros<\/strong><\/p><p>N\u00f3s n\u00e3o vendemos, comercializamos ou transferimos para terceiros as suas informa\u00e7\u00f5es pessoalmente identific\u00e1veis.<\/p><p><strong>Reten\u00e7\u00e3o de suas informa\u00e7\u00f5es pessoais<\/strong><\/p><p>N\u00f3s reteremos suas informa\u00e7\u00f5es pessoais apenas pelo tempo que for necess\u00e1rio para os prop\u00f3sitos estabelecidos nesta Pol\u00edtica de Privacidade.<\/p><p><strong>Finalidade<\/strong><\/p><p>O objetivo da VMI M\u00e9dica \u00e9 fornecer produtos e solu\u00e7\u00f5es para hospitais e cl\u00ednicas, agimos sempre pela boa f\u00e9, respeitando a privacidade do usu\u00e1rio.<\/p><p><strong>Contate-nos:<\/strong><\/p><p>Se houver alguma d\u00favida sobre nossa pol\u00edtica de privacidade, entre em contato conosco.<\/p><p>Rua Prefeito Elizeu Alves da Silva, 400, Distrito Industrial Genesco Aparecido de Oliveira, Lagoa Santa &#8211; MG, 33240-097<\/p><p>Encarregado de Dados: Silvia Morais<\/p><p>(31) 3370-3750 l <a href=\"mailto:lgpd@vmimedica.com.br\">lgpd@vmimedica.com.br<\/a><\/p>\t\t\t\t\t\t\t\t<\/div>\n\t\t\t\t<\/div>\n\t\t\t\t\t<\/div>\n\t\t<\/div>\n\t\t\t\t<div class=\"elementor-column elementor-col-33 elementor-inner-column elementor-element elementor-element-a606bb9\" data-id=\"a606bb9\" data-element_type=\"column\">\n\t\t\t<div class=\"elementor-widget-wrap\">\n\t\t\t\t\t\t\t<\/div>\n\t\t<\/div>\n\t\t\t\t\t<\/div>\n\t\t<\/section>\n\t\t\t\t\t<\/div>\n\t\t<\/div>\n\t\t\t\t\t<\/div>\n\t\t<\/section>\n\t\t\t\t<\/div>\n\t\t","protected":false},"excerpt":{"rendered":"<p>P\u00e1gina web de VMI Medica Esta pol\u00edtica de privacidad ha sido compilada para servir mejor a aquellos que est\u00e1n preocupados por el uso de su \u00abInformaci\u00f3n Personal Identificable\u00bb (PII) en l\u00ednea. La IIP es informaci\u00f3n que puede utilizarse sola o con otra informaci\u00f3n para identificar, contactar o localizar a una sola persona o para identificar [&hellip;]<\/p>\n","protected":false},"author":123461,"featured_media":0,"parent":0,"menu_order":0,"comment_status":"closed","ping_status":"closed","template":"","meta":{"_acf_changed":false,"footnotes":""},"class_list":["post-3455","page","type-page","status-publish","hentry"],"acf":[],"yoast_head":"<!-- This site is optimized with the Yoast SEO plugin v26.3 - https:\/\/yoast.com\/wordpress\/plugins\/seo\/ -->\n<title>LGPD - VMI Medica<\/title>\n<meta name=\"robots\" content=\"index, follow, max-snippet:-1, max-image-preview:large, max-video-preview:-1\" \/>\n<link rel=\"canonical\" href=\"https:\/\/vmimedica.com\/es\/lgpd\/\" \/>\n<meta property=\"og:locale\" content=\"es_ES\" \/>\n<meta property=\"og:type\" content=\"article\" \/>\n<meta property=\"og:title\" content=\"LGPD - VMI Medica\" \/>\n<meta property=\"og:description\" content=\"P\u00e1gina web de VMI Medica Esta pol\u00edtica de privacidad ha sido compilada para servir mejor a aquellos que est\u00e1n preocupados por el uso de su \u00abInformaci\u00f3n Personal Identificable\u00bb (PII) en l\u00ednea. La IIP es informaci\u00f3n que puede utilizarse sola o con otra informaci\u00f3n para identificar, contactar o localizar a una sola persona o para identificar [&hellip;]\" \/>\n<meta property=\"og:url\" content=\"https:\/\/vmimedica.com\/es\/lgpd\/\" \/>\n<meta property=\"og:site_name\" content=\"VMI Medica\" \/>\n<meta property=\"article:modified_time\" content=\"2021-10-27T20:59:52+00:00\" \/>\n<meta name=\"twitter:card\" content=\"summary_large_image\" \/>\n<meta name=\"twitter:label1\" content=\"Tiempo de lectura\" \/>\n\t<meta name=\"twitter:data1\" content=\"3 minutos\" \/>\n<script type=\"application\/ld+json\" class=\"yoast-schema-graph\">{\"@context\":\"https:\/\/schema.org\",\"@graph\":[{\"@type\":\"WebPage\",\"@id\":\"https:\/\/vmimedica.com\/es\/lgpd\/\",\"url\":\"https:\/\/vmimedica.com\/es\/lgpd\/\",\"name\":\"LGPD - VMI Medica\",\"isPartOf\":{\"@id\":\"https:\/\/vmimedica.com\/en\/#website\"},\"datePublished\":\"2021-10-27T20:59:51+00:00\",\"dateModified\":\"2021-10-27T20:59:52+00:00\",\"breadcrumb\":{\"@id\":\"https:\/\/vmimedica.com\/es\/lgpd\/#breadcrumb\"},\"inLanguage\":\"es\",\"potentialAction\":[{\"@type\":\"ReadAction\",\"target\":[\"https:\/\/vmimedica.com\/es\/lgpd\/\"]}]},{\"@type\":\"BreadcrumbList\",\"@id\":\"https:\/\/vmimedica.com\/es\/lgpd\/#breadcrumb\",\"itemListElement\":[{\"@type\":\"ListItem\",\"position\":1,\"name\":\"Home\",\"item\":\"https:\/\/vmimedica.com\/es\/\"},{\"@type\":\"ListItem\",\"position\":2,\"name\":\"LGPD\"}]},{\"@type\":\"WebSite\",\"@id\":\"https:\/\/vmimedica.com\/en\/#website\",\"url\":\"https:\/\/vmimedica.com\/en\/\",\"name\":\"VMI Medica\",\"description\":\"Equipamentos de Raio-x e Mamografia\",\"publisher\":{\"@id\":\"https:\/\/vmimedica.com\/en\/#organization\"},\"potentialAction\":[{\"@type\":\"SearchAction\",\"target\":{\"@type\":\"EntryPoint\",\"urlTemplate\":\"https:\/\/vmimedica.com\/en\/?s={search_term_string}\"},\"query-input\":{\"@type\":\"PropertyValueSpecification\",\"valueRequired\":true,\"valueName\":\"search_term_string\"}}],\"inLanguage\":\"es\"},{\"@type\":\"Organization\",\"@id\":\"https:\/\/vmimedica.com\/en\/#organization\",\"name\":\"VMI Medica\",\"url\":\"https:\/\/vmimedica.com\/en\/\",\"logo\":{\"@type\":\"ImageObject\",\"inLanguage\":\"es\",\"@id\":\"https:\/\/vmimedica.com\/en\/#\/schema\/logo\/image\/\",\"url\":\"https:\/\/vmimedica.com\/wp-content\/uploads\/2022\/12\/cropped-Logo-VMI.png\",\"contentUrl\":\"https:\/\/vmimedica.com\/wp-content\/uploads\/2022\/12\/cropped-Logo-VMI.png\",\"width\":324,\"height\":192,\"caption\":\"VMI Medica\"},\"image\":{\"@id\":\"https:\/\/vmimedica.com\/en\/#\/schema\/logo\/image\/\"}}]}<\/script>\n<!-- \/ Yoast SEO plugin. -->","yoast_head_json":{"title":"LGPD - VMI Medica","robots":{"index":"index","follow":"follow","max-snippet":"max-snippet:-1","max-image-preview":"max-image-preview:large","max-video-preview":"max-video-preview:-1"},"canonical":"https:\/\/vmimedica.com\/es\/lgpd\/","og_locale":"es_ES","og_type":"article","og_title":"LGPD - VMI Medica","og_description":"P\u00e1gina web de VMI Medica Esta pol\u00edtica de privacidad ha sido compilada para servir mejor a aquellos que est\u00e1n preocupados por el uso de su \u00abInformaci\u00f3n Personal Identificable\u00bb (PII) en l\u00ednea. La IIP es informaci\u00f3n que puede utilizarse sola o con otra informaci\u00f3n para identificar, contactar o localizar a una sola persona o para identificar [&hellip;]","og_url":"https:\/\/vmimedica.com\/es\/lgpd\/","og_site_name":"VMI Medica","article_modified_time":"2021-10-27T20:59:52+00:00","twitter_card":"summary_large_image","twitter_misc":{"Tiempo de lectura":"3 minutos"},"schema":{"@context":"https:\/\/schema.org","@graph":[{"@type":"WebPage","@id":"https:\/\/vmimedica.com\/es\/lgpd\/","url":"https:\/\/vmimedica.com\/es\/lgpd\/","name":"LGPD - VMI Medica","isPartOf":{"@id":"https:\/\/vmimedica.com\/en\/#website"},"datePublished":"2021-10-27T20:59:51+00:00","dateModified":"2021-10-27T20:59:52+00:00","breadcrumb":{"@id":"https:\/\/vmimedica.com\/es\/lgpd\/#breadcrumb"},"inLanguage":"es","potentialAction":[{"@type":"ReadAction","target":["https:\/\/vmimedica.com\/es\/lgpd\/"]}]},{"@type":"BreadcrumbList","@id":"https:\/\/vmimedica.com\/es\/lgpd\/#breadcrumb","itemListElement":[{"@type":"ListItem","position":1,"name":"Home","item":"https:\/\/vmimedica.com\/es\/"},{"@type":"ListItem","position":2,"name":"LGPD"}]},{"@type":"WebSite","@id":"https:\/\/vmimedica.com\/en\/#website","url":"https:\/\/vmimedica.com\/en\/","name":"VMI Medica","description":"Equipamentos de Raio-x e Mamografia","publisher":{"@id":"https:\/\/vmimedica.com\/en\/#organization"},"potentialAction":[{"@type":"SearchAction","target":{"@type":"EntryPoint","urlTemplate":"https:\/\/vmimedica.com\/en\/?s={search_term_string}"},"query-input":{"@type":"PropertyValueSpecification","valueRequired":true,"valueName":"search_term_string"}}],"inLanguage":"es"},{"@type":"Organization","@id":"https:\/\/vmimedica.com\/en\/#organization","name":"VMI Medica","url":"https:\/\/vmimedica.com\/en\/","logo":{"@type":"ImageObject","inLanguage":"es","@id":"https:\/\/vmimedica.com\/en\/#\/schema\/logo\/image\/","url":"https:\/\/vmimedica.com\/wp-content\/uploads\/2022\/12\/cropped-Logo-VMI.png","contentUrl":"https:\/\/vmimedica.com\/wp-content\/uploads\/2022\/12\/cropped-Logo-VMI.png","width":324,"height":192,"caption":"VMI Medica"},"image":{"@id":"https:\/\/vmimedica.com\/en\/#\/schema\/logo\/image\/"}}]}},"_links":{"self":[{"href":"https:\/\/vmimedica.com\/es\/wp-json\/wp\/v2\/pages\/3455","targetHints":{"allow":["GET"]}}],"collection":[{"href":"https:\/\/vmimedica.com\/es\/wp-json\/wp\/v2\/pages"}],"about":[{"href":"https:\/\/vmimedica.com\/es\/wp-json\/wp\/v2\/types\/page"}],"author":[{"embeddable":true,"href":"https:\/\/vmimedica.com\/es\/wp-json\/wp\/v2\/users\/123461"}],"replies":[{"embeddable":true,"href":"https:\/\/vmimedica.com\/es\/wp-json\/wp\/v2\/comments?post=3455"}],"version-history":[{"count":1,"href":"https:\/\/vmimedica.com\/es\/wp-json\/wp\/v2\/pages\/3455\/revisions"}],"predecessor-version":[{"id":3456,"href":"https:\/\/vmimedica.com\/es\/wp-json\/wp\/v2\/pages\/3455\/revisions\/3456"}],"wp:attachment":[{"href":"https:\/\/vmimedica.com\/es\/wp-json\/wp\/v2\/media?parent=3455"}],"curies":[{"name":"wp","href":"https:\/\/api.w.org\/{rel}","templated":true}]}}